{"id":2391,"date":"2017-10-27T14:32:13","date_gmt":"2017-10-27T12:32:13","guid":{"rendered":"http:\/\/archeriegossart.fr\/?page_id=2391"},"modified":"2017-10-27T14:46:49","modified_gmt":"2017-10-27T12:46:49","slug":"mentions-legales","status":"publish","type":"page","link":"https:\/\/archeriegossart.fr\/index.php\/mentions-legales\/","title":{"rendered":"Mentions l\u00e9gales"},"content":{"rendered":"<p>Mentions l\u00e9gales<\/p>\n<p>Raison sociale :<\/p>\n<p>SAL GOSSART<br \/>\nRCS: LILLE 73B337<\/p>\n<ul>\n<li>28 RUE ROGER BOUVRY<\/li>\n<li>59113 SECLIN<br \/>\nFRANCE T\u00e9l : (+33) 03.20.90.10.17<br \/>\ngossart@nordnet.fr<\/li>\n<\/ul>\n<p>Personnes Physiques : M. Gossart Franck<\/p>\n<p>Cr\u00e9ation et h\u00e9bergement du site internet :<\/p>\n<p>OBVIE INFORMATIQUE<\/p>\n<p>144 rue du luxembourg<\/p>\n<p>59100 Roubaix<\/p>\n<p>0320763208<\/p>\n<p>www.contact@obvie.fr<\/p>\n<p>&nbsp;<\/p>\n<p>Propri\u00e9t\u00e9 intellectuelle :<\/p>\n<p>Le contenu de ce site rel\u00e8ve de la l\u00e9gislation fran\u00e7aise et internationale sur le droit d&rsquo;auteur et la propri\u00e9t\u00e9 intellectuelle. Tous les droits de reproduction sont r\u00e9serv\u00e9s, y compris pour les documents t\u00e9l\u00e9chargeables et les repr\u00e9sentations iconographiques et\/ou photographiques. La reproduction de tout ou partie de ce site sur supports \u00e9lectroniques ou papiers quels qu&rsquo;ils soient est formellement interdite sauf autorisation expresse de la soci\u00e9t\u00e9 GOSSART ARCHERIE.<\/p>\n<p>Les \u00e9ventuelles marques cit\u00e9es sur ce site sont d\u00e9pos\u00e9es par les soci\u00e9t\u00e9s qui en sont propri\u00e9taires. Tous les autres droits non express\u00e9ment cit\u00e9s ici sont r\u00e9serv\u00e9s. Toute reproduction, distribution, modification, retransmission ou publication de ces \u00e9l\u00e9ments est strictement interdite sans l&rsquo;accord express par \u00e9crit de la soci\u00e9t\u00e9 GOSSART ARCHERIE.<\/p>\n<p>Tout traitement de donn\u00e9es nominatives sur le site GOSSART ARCHERIE est soumis \u00e0 la loi n\u00b078-17 du 6 janvier 1978 relative \u00e0 l&rsquo;informatique, aux fichiers et aux libert\u00e9s.<\/p>\n<p>Conform\u00e9ment aux dispositions de ce texte,\u00a0GOSSART ARCHERIE s&rsquo;engage \u00e0 informer les personnes sur lesquelles des donn\u00e9es sont collect\u00e9es de leurs droits et \u00e0 leur garantir un droit d&rsquo;acc\u00e8s et de rectification sur les donn\u00e9es nominatives les concernant.<\/p>\n","protected":false},"excerpt":{"rendered":"<p>Mentions l\u00e9gales Raison sociale : SAL GOSSART RCS: LILLE 73B337 28 RUE ROGER BOUVRY 59113 SECLIN FRANCE T\u00e9l : (+33) 03.20.90.10.17 gossart@nordnet.fr Personnes Physiques : M. Gossart Franck Cr\u00e9ation et h\u00e9bergement du site internet : OBVIE INFORMATIQUE 144 rue du luxembourg 59100 Roubaix 0320763208 www.contact@obvie.fr &nbsp; Propri\u00e9t\u00e9 intellectuelle : Le contenu de ce site rel\u00e8ve [&hellip;]<\/p>\n","protected":false},"author":1,"featured_media":0,"parent":0,"menu_order":0,"comment_status":"closed","ping_status":"closed","template":"","meta":[],"_links":{"self":[{"href":"https:\/\/archeriegossart.fr\/index.php\/wp-json\/wp\/v2\/pages\/2391"}],"collection":[{"href":"https:\/\/archeriegossart.fr\/index.php\/wp-json\/wp\/v2\/pages"}],"about":[{"href":"https:\/\/archeriegossart.fr\/index.php\/wp-json\/wp\/v2\/types\/page"}],"author":[{"embeddable":true,"href":"https:\/\/archeriegossart.fr\/index.php\/wp-json\/wp\/v2\/users\/1"}],"replies":[{"embeddable":true,"href":"https:\/\/archeriegossart.fr\/index.php\/wp-json\/wp\/v2\/comments?post=2391"}],"version-history":[{"count":4,"href":"https:\/\/archeriegossart.fr\/index.php\/wp-json\/wp\/v2\/pages\/2391\/revisions"}],"predecessor-version":[{"id":2399,"href":"https:\/\/archeriegossart.fr\/index.php\/wp-json\/wp\/v2\/pages\/2391\/revisions\/2399"}],"wp:attachment":[{"href":"https:\/\/archeriegossart.fr\/index.php\/wp-json\/wp\/v2\/media?parent=2391"}],"curies":[{"name":"wp","href":"https:\/\/api.w.org\/{rel}","templated":true}]}}