{"id":5,"date":"2017-01-31T11:06:45","date_gmt":"2017-01-31T10:06:45","guid":{"rendered":"http:\/\/archeriegossart.fr\/?page_id=5"},"modified":"2025-10-07T16:49:02","modified_gmt":"2025-10-07T14:49:02","slug":"accueil","status":"publish","type":"page","link":"https:\/\/archeriegossart.fr\/","title":{"rendered":"ACCUEIL"},"content":{"rendered":"<p><strong>Bienvenue sur le site de l&rsquo;archerie Gossart.<\/strong><\/p>\n<p><strong>il sera actualis\u00e9 dans les meilleurs d\u00e9lais<\/strong><\/p>\n<p><strong>Pour toutes commandes dont un article ne serais pas disponible n&rsquo;h\u00e9sitez surtout pas \u00e0 nous contacter :\u00a0<span class=\"horaire\"><span class=\"_Xbe _ZWk kno-fv\">03 20 90 10 17 ou par mail :\u00a0<span class=\"_xdb\">sarl.gossart@nordnet.fr<\/span><\/span><\/span><\/strong><\/p>\n<p><img decoding=\"async\" loading=\"lazy\" class=\"alignnone size-medium wp-image-245\" src=\"http:\/\/archeriegossart.fr\/wp-content\/uploads\/2017\/01\/IMG_3164-225x300.jpg\" alt=\"\" width=\"225\" height=\"300\" srcset=\"https:\/\/archeriegossart.fr\/wp-content\/uploads\/2017\/01\/IMG_3164-225x300.jpg 225w, https:\/\/archeriegossart.fr\/wp-content\/uploads\/2017\/01\/IMG_3164-300x400.jpg 300w, https:\/\/archeriegossart.fr\/wp-content\/uploads\/2017\/01\/IMG_3164-600x800.jpg 600w, https:\/\/archeriegossart.fr\/wp-content\/uploads\/2017\/01\/IMG_3164-768x1024.jpg 768w\" sizes=\"(max-width: 225px) 100vw, 225px\" \/><img decoding=\"async\" loading=\"lazy\" class=\"alignnone size-medium wp-image-239\" src=\"http:\/\/archeriegossart.fr\/wp-content\/uploads\/2017\/02\/ARCHERIE-ECUSSON-GOSSART-300x266.png\" alt=\"\" width=\"300\" height=\"266\" srcset=\"https:\/\/archeriegossart.fr\/wp-content\/uploads\/2017\/02\/ARCHERIE-ECUSSON-GOSSART-300x266.png 300w, https:\/\/archeriegossart.fr\/wp-content\/uploads\/2017\/02\/ARCHERIE-ECUSSON-GOSSART-600x532.png 600w, https:\/\/archeriegossart.fr\/wp-content\/uploads\/2017\/02\/ARCHERIE-ECUSSON-GOSSART-768x681.png 768w, https:\/\/archeriegossart.fr\/wp-content\/uploads\/2017\/02\/ARCHERIE-ECUSSON-GOSSART-1024x908.png 1024w, https:\/\/archeriegossart.fr\/wp-content\/uploads\/2017\/02\/ARCHERIE-ECUSSON-GOSSART.png 1120w\" sizes=\"(max-width: 300px) 100vw, 300px\" \/><\/p>\n<article class=\"bloc-info zone clearfix\">\n<div class=\"bloc-info-colonne \">\n<div class=\"bloc bloc-info-horaires \">\n<div class=\"lisere bloc-inner\">\n<div id=\"bloc-info-horaires\">\n<div class=\"premiere-visibilite \">\n<p><span style=\"color: #000000;\"><strong><span style=\"color: #ff0000;\">Cong\u00e9s : du\u00a0\u00a0<\/span><br \/>\n<img decoding=\"async\" loading=\"lazy\" class=\"wp-image-35 alignright\" src=\"http:\/\/archeriegossart.fr\/wp-content\/uploads\/2017\/02\/cropped-DSCN0673-1-300x128.jpg\" alt=\"\" width=\"473\" height=\"202\" srcset=\"https:\/\/archeriegossart.fr\/wp-content\/uploads\/2017\/02\/cropped-DSCN0673-1-300x128.jpg 300w, https:\/\/archeriegossart.fr\/wp-content\/uploads\/2017\/02\/cropped-DSCN0673-1-600x256.jpg 600w, https:\/\/archeriegossart.fr\/wp-content\/uploads\/2017\/02\/cropped-DSCN0673-1-768x328.jpg 768w, https:\/\/archeriegossart.fr\/wp-content\/uploads\/2017\/02\/cropped-DSCN0673-1-1024x437.jpg 1024w, https:\/\/archeriegossart.fr\/wp-content\/uploads\/2017\/02\/cropped-DSCN0673-1.jpg 1200w\" sizes=\"(max-width: 473px) 100vw, 473px\" \/><\/strong><\/span><\/p>\n<\/div>\n<div class=\"premiere-visibilite \"><\/div>\n<\/div>\n<p><strong>\u00a0Horaires<\/strong><\/p>\n<div id=\"bloc-info-horaires\">\n<div class=\"premiere-visibilite \">\n<ul class=\"liste-horaires-principaux\">\n<li><span style=\"color: #000000;\"><strong>Mardi<\/strong><\/span><\/li>\n<li><span style=\"color: #000000;\">09h30<\/span> &#8211; <span style=\"color: #000000;\">12h00<\/span><\/li>\n<li><span style=\"color: #000000;\">14h00 &#8211; 19h00<\/span><\/li>\n<li class=\"horaire-ouvert\"><span style=\"color: #000000;\"><strong>Mercredi<\/strong><\/span><\/li>\n<li class=\"horaire-ouvert\"><span class=\"horaire\" style=\"color: #000000;\">09h30 &#8211; 12h00 <\/span><\/li>\n<li class=\"horaire-ouvert\"><span class=\"horaire\" style=\"color: #000000;\">14h00 &#8211; 19h00 <\/span><\/li>\n<li class=\"horaire-ouvert\"><span style=\"color: #000000;\"><strong>Jeudi<\/strong><\/span><\/li>\n<li class=\"horaire-ouvert\"><span class=\"horaire\" style=\"color: #000000;\">09h30 &#8211; 12h00 <\/span><\/li>\n<li class=\"horaire-ouvert\"><span class=\"horaire\" style=\"color: #000000;\">14h00 &#8211; 19h00<\/span><\/li>\n<li class=\"horaire-ouvert\"><span style=\"color: #000000;\"><strong>Vendredi<\/strong><\/span><\/li>\n<li class=\"horaire-ouvert\"><span class=\"horaire\" style=\"color: #000000;\">09h30 &#8211; 12h00\u00a0\u00a0\u00a0\u00a0\u00a0\u00a0\u00a0\u00a0\u00a0\u00a0\u00a0\u00a0\u00a0\u00a0\u00a0\u00a0\u00a0\u00a0\u00a0\u00a0 <span class=\"_xdb\"><em><strong>Adresse<\/strong><\/em>\u00a0: <\/span><span class=\"_Xbe\">28 Rue Roger Bouvry, 59113\u00a0 Seclin<\/span><\/span><\/li>\n<li class=\"horaire-ouvert\"><span class=\"horaire\" style=\"color: #000000;\">14h00 &#8211; 19h00\u00a0\u00a0\u00a0\u00a0\u00a0\u00a0\u00a0\u00a0\u00a0\u00a0\u00a0\u00a0\u00a0\u00a0\u00a0\u00a0\u00a0\u00a0\u00a0\u00a0\u00a0 <strong><span class=\"_xdb\"><em>T\u00e9l\u00e9phone<\/em>\u00a0: <\/span><\/strong><span class=\"_Xbe _ZWk kno-fv\">03 20 90 10 17<\/span><\/span><\/li>\n<li class=\"horaire-ouvert\"><span style=\"color: #000000;\"><strong>Samedi\u00a0\u00a0\u00a0\u00a0\u00a0\u00a0\u00a0\u00a0\u00a0\u00a0\u00a0\u00a0\u00a0\u00a0\u00a0\u00a0\u00a0\u00a0\u00a0\u00a0\u00a0\u00a0\u00a0\u00a0\u00a0\u00a0\u00a0\u00a0\u00a0\u00a0\u00a0\u00a0 <span class=\"_xdb\"><em>Mail <\/em>: <\/span><\/strong><span class=\"_xdb\">sarl.gossart@nordnet.fr<\/span><\/span><\/li>\n<li class=\"horaire-ouvert\"><span class=\"horaire\" style=\"color: #000000;\">9h00 &#8211; 12h00 <\/span><\/li>\n<li class=\"horaire-ouvert\"><span class=\"horaire\" style=\"color: #000000;\">14h00 &#8211; 19h00<\/span><\/li>\n<\/ul>\n<\/div>\n<\/div>\n<\/div>\n<\/div>\n<\/div>\n<\/article>\n<p><img decoding=\"async\" loading=\"lazy\" class=\"size-full wp-image-1355 aligncenter\" src=\"http:\/\/archeriegossart.fr\/wp-content\/uploads\/2017\/01\/38-large_default.jpg\" alt=\"\" width=\"264\" height=\"264\" srcset=\"https:\/\/archeriegossart.fr\/wp-content\/uploads\/2017\/01\/38-large_default.jpg 264w, https:\/\/archeriegossart.fr\/wp-content\/uploads\/2017\/01\/38-large_default-100x100.jpg 100w, https:\/\/archeriegossart.fr\/wp-content\/uploads\/2017\/01\/38-large_default-150x150.jpg 150w\" sizes=\"(max-width: 264px) 100vw, 264px\" \/><\/p>\n","protected":false},"excerpt":{"rendered":"<p>Bienvenue sur le site de l&rsquo;archerie Gossart. il sera actualis\u00e9 dans les meilleurs d\u00e9lais Pour toutes commandes dont un article ne serais pas disponible n&rsquo;h\u00e9sitez surtout pas \u00e0 nous contacter :\u00a003 20 90 10 17 ou par mail :\u00a0sarl.gossart@nordnet.fr Cong\u00e9s : du\u00a0\u00a0 \u00a0Horaires Mardi 09h30 &#8211; 12h00 14h00 &#8211; 19h00 Mercredi 09h30 &#8211; 12h00 14h00 [&hellip;]<\/p>\n","protected":false},"author":1,"featured_media":0,"parent":0,"menu_order":0,"comment_status":"closed","ping_status":"closed","template":"","meta":[],"_links":{"self":[{"href":"https:\/\/archeriegossart.fr\/index.php\/wp-json\/wp\/v2\/pages\/5"}],"collection":[{"href":"https:\/\/archeriegossart.fr\/index.php\/wp-json\/wp\/v2\/pages"}],"about":[{"href":"https:\/\/archeriegossart.fr\/index.php\/wp-json\/wp\/v2\/types\/page"}],"author":[{"embeddable":true,"href":"https:\/\/archeriegossart.fr\/index.php\/wp-json\/wp\/v2\/users\/1"}],"replies":[{"embeddable":true,"href":"https:\/\/archeriegossart.fr\/index.php\/wp-json\/wp\/v2\/comments?post=5"}],"version-history":[{"count":18,"href":"https:\/\/archeriegossart.fr\/index.php\/wp-json\/wp\/v2\/pages\/5\/revisions"}],"predecessor-version":[{"id":7724,"href":"https:\/\/archeriegossart.fr\/index.php\/wp-json\/wp\/v2\/pages\/5\/revisions\/7724"}],"wp:attachment":[{"href":"https:\/\/archeriegossart.fr\/index.php\/wp-json\/wp\/v2\/media?parent=5"}],"curies":[{"name":"wp","href":"https:\/\/api.w.org\/{rel}","templated":true}]}}