{"id":121,"date":"2017-02-21T22:04:07","date_gmt":"2017-02-21T21:04:07","guid":{"rendered":"http:\/\/archeriegossart.fr\/?post_type=product&#038;p=121"},"modified":"2021-12-15T10:58:47","modified_gmt":"2021-12-15T09:58:47","slug":"big-tradition-housse-classic-arc-monobloc","status":"publish","type":"product","link":"https:\/\/archeriegossart.fr\/index.php\/produit\/big-tradition-housse-classic-arc-monobloc\/","title":{"rendered":"BIG TRADITION HOUSSE CLASSIC ARC MONOBLOC"},"content":{"rendered":"<p>Housse pour Arc Monobloc en mesure de contenir des arcs jusqu&rsquo;\u00e0 62&Prime; de longueur. Le mat\u00e9riel robuste dont elle est fabriqu\u00e9e, ainsi que le renforcement en cuir sur la poign\u00e9e, la rendent r\u00e9sistante \u00e0 l&rsquo;usure. Poche externe porte accessoires.157 cm<\/p>\n","protected":false},"excerpt":{"rendered":"<p>Housse pour Arc Monobloc en mesure de contenir des arcs jusqu&rsquo;\u00e0 62&Prime; de longueur. Le mat\u00e9riel robuste dont elle est fabriqu\u00e9e, ainsi que le renforcement en cuir sur la poign\u00e9e, la rendent r\u00e9sistante \u00e0 l&rsquo;usure. Poche externe porte accessoires.157 cm<\/p>\n","protected":false},"featured_media":118,"template":"","meta":[],"product_cat":[20],"product_tag":[],"_links":{"self":[{"href":"https:\/\/archeriegossart.fr\/index.php\/wp-json\/wp\/v3\/product\/121"}],"collection":[{"href":"https:\/\/archeriegossart.fr\/index.php\/wp-json\/wp\/v3\/product"}],"about":[{"href":"https:\/\/archeriegossart.fr\/index.php\/wp-json\/wp\/v2\/types\/product"}],"wp:featuredmedia":[{"embeddable":true,"href":"https:\/\/archeriegossart.fr\/index.php\/wp-json\/wp\/v2\/media\/118"}],"wp:attachment":[{"href":"https:\/\/archeriegossart.fr\/index.php\/wp-json\/wp\/v2\/media?parent=121"}],"wp:term":[{"taxonomy":"product_cat","embeddable":true,"href":"https:\/\/archeriegossart.fr\/index.php\/wp-json\/wp\/v2\/product_cat?post=121"},{"taxonomy":"product_tag","embeddable":true,"href":"https:\/\/archeriegossart.fr\/index.php\/wp-json\/wp\/v2\/product_tag?post=121"}],"curies":[{"name":"wp","href":"https:\/\/api.w.org\/{rel}","templated":true}]}}