{"id":1394,"date":"2017-04-18T18:55:15","date_gmt":"2017-04-18T16:55:15","guid":{"rendered":"http:\/\/archeriegossart.fr\/?post_type=product&#038;p=1394"},"modified":"2017-12-08T14:40:00","modified_gmt":"2017-12-08T13:40:00","slug":"victorinox-hunter-pro-wood-etui-kaki","status":"publish","type":"product","link":"https:\/\/archeriegossart.fr\/index.php\/produit\/victorinox-hunter-pro-wood-etui-kaki\/","title":{"rendered":"VICTORINOX HUNTER PRO WOOD + ETUI KAKI"},"content":{"rendered":"<p><b>HUNTER PRO<br \/>\nManche 130 mm, noyer<br \/>\n2 FONCTIONS (1 PIECE).<br \/>\n1. lame ouverture une main \u00e0 cran<br \/>\n2. \u00e9tui toile kaki<\/b><\/p>\n<p>Le HUNTER PRO de Victorinox a \u00e9t\u00e9 cr\u00e9\u00e9 \u00e0 l&rsquo;origine pour les chasseurs am\u00e9ricains. Ces derniers pr\u00e9f\u00e8rent souvent un couteau de chasse simple, sans outil suppl\u00e9mentaire, mais avec une lame forte et robuste. Le HUNTER PRO est n\u00e9 de ce souhait particulier. Sa lame d&rsquo;une longueur de 100 mm et d&rsquo;une \u00e9paisseur de 2,9 mm est en acier inoxydable 1.4419 d&rsquo;une duret\u00e9 Rockwell de 56 HRC. Elle est blocable gr\u00e2ce au \u00ab lock back \u00bb au dos du manche, ce qui conf\u00e8re une utilisation s\u00e9curis\u00e9e.<br \/>\nLa lame s&rsquo;ouvre d&rsquo;une seule main, ce qui est particuli\u00e8rement pratique dans de nombreuses circonstances.<br \/>\nLe HUNTER PRO est livr\u00e9 avec son \u00e9tui en toile kaki parfaitement adapt\u00e9 pour la chasse.<\/p>\n","protected":false},"excerpt":{"rendered":"<p>HUNTER PRO Manche 130 mm, noyer 2 FONCTIONS (1 PIECE). 1. lame ouverture une main \u00e0 cran 2. \u00e9tui toile kaki Le HUNTER PRO de Victorinox a \u00e9t\u00e9 cr\u00e9\u00e9 \u00e0 l&rsquo;origine pour les chasseurs am\u00e9ricains. Ces derniers pr\u00e9f\u00e8rent souvent un couteau de chasse simple, sans outil suppl\u00e9mentaire, mais avec une lame forte et robuste. Le [&hellip;]<\/p>\n","protected":false},"featured_media":1395,"template":"","meta":[],"product_cat":[101],"product_tag":[],"_links":{"self":[{"href":"https:\/\/archeriegossart.fr\/index.php\/wp-json\/wp\/v3\/product\/1394"}],"collection":[{"href":"https:\/\/archeriegossart.fr\/index.php\/wp-json\/wp\/v3\/product"}],"about":[{"href":"https:\/\/archeriegossart.fr\/index.php\/wp-json\/wp\/v2\/types\/product"}],"wp:featuredmedia":[{"embeddable":true,"href":"https:\/\/archeriegossart.fr\/index.php\/wp-json\/wp\/v2\/media\/1395"}],"wp:attachment":[{"href":"https:\/\/archeriegossart.fr\/index.php\/wp-json\/wp\/v2\/media?parent=1394"}],"wp:term":[{"taxonomy":"product_cat","embeddable":true,"href":"https:\/\/archeriegossart.fr\/index.php\/wp-json\/wp\/v2\/product_cat?post=1394"},{"taxonomy":"product_tag","embeddable":true,"href":"https:\/\/archeriegossart.fr\/index.php\/wp-json\/wp\/v2\/product_tag?post=1394"}],"curies":[{"name":"wp","href":"https:\/\/api.w.org\/{rel}","templated":true}]}}