{"id":1434,"date":"2017-04-27T18:19:26","date_gmt":"2017-04-27T16:19:26","guid":{"rendered":"http:\/\/archeriegossart.fr\/?post_type=product&#038;p=1434"},"modified":"2017-11-25T15:44:43","modified_gmt":"2017-11-25T14:44:43","slug":"victorinox-spartan-saphir","status":"publish","type":"product","link":"https:\/\/archeriegossart.fr\/index.php\/produit\/victorinox-spartan-saphir\/","title":{"rendered":"VICTORINOX SPARTAN SAPHIR"},"content":{"rendered":"<p><b>\u00a0SPARTAN<br \/>\nManche 91 mm, bleu translucide.<br \/>\n13 FONCTIONS (8 PIECES).<br \/>\n1. grande lame<br \/>\n2. petite lame<br \/>\n3. tire-bouchon<br \/>\n4. ouvre-bo\u00eetes avec :<br \/>\n5. &#8211; petit tournevis 3 mm<br \/>\n6. d\u00e9capsuleur avec :<br \/>\n7. &#8211; tournevis 6 mm<br \/>\n8. &#8211; d\u00e9nude fil \u00e9lectrique<br \/>\n9. poin\u00e7on al\u00e9soir avec :<br \/>\n10. &#8211; chas d&rsquo;aiguille<br \/>\n11. pincettes<br \/>\n12. cure-dents<br \/>\n13. anneau<br \/>\n<\/b><\/p>\n","protected":false},"excerpt":{"rendered":"<p>\u00a0SPARTAN Manche 91 mm, bleu translucide. 13 FONCTIONS (8 PIECES). 1. grande lame 2. petite lame 3. tire-bouchon 4. ouvre-bo\u00eetes avec : 5. &#8211; petit tournevis 3 mm 6. d\u00e9capsuleur avec : 7. &#8211; tournevis 6 mm 8. &#8211; d\u00e9nude fil \u00e9lectrique 9. poin\u00e7on al\u00e9soir avec : 10. &#8211; chas d&rsquo;aiguille 11. pincettes 12. cure-dents [&hellip;]<\/p>\n","protected":false},"featured_media":1435,"template":"","meta":[],"product_cat":[100],"product_tag":[],"_links":{"self":[{"href":"https:\/\/archeriegossart.fr\/index.php\/wp-json\/wp\/v3\/product\/1434"}],"collection":[{"href":"https:\/\/archeriegossart.fr\/index.php\/wp-json\/wp\/v3\/product"}],"about":[{"href":"https:\/\/archeriegossart.fr\/index.php\/wp-json\/wp\/v2\/types\/product"}],"wp:featuredmedia":[{"embeddable":true,"href":"https:\/\/archeriegossart.fr\/index.php\/wp-json\/wp\/v2\/media\/1435"}],"wp:attachment":[{"href":"https:\/\/archeriegossart.fr\/index.php\/wp-json\/wp\/v2\/media?parent=1434"}],"wp:term":[{"taxonomy":"product_cat","embeddable":true,"href":"https:\/\/archeriegossart.fr\/index.php\/wp-json\/wp\/v2\/product_cat?post=1434"},{"taxonomy":"product_tag","embeddable":true,"href":"https:\/\/archeriegossart.fr\/index.php\/wp-json\/wp\/v2\/product_tag?post=1434"}],"curies":[{"name":"wp","href":"https:\/\/api.w.org\/{rel}","templated":true}]}}