{"id":1682,"date":"2017-06-28T18:08:02","date_gmt":"2017-06-28T16:08:02","guid":{"rendered":"http:\/\/archeriegossart.fr\/?post_type=product&#038;p=1682"},"modified":"2024-12-14T14:12:22","modified_gmt":"2024-12-14T13:12:22","slug":"jumelle-bushnell-trophy-8x42-verte","status":"publish","type":"product","link":"https:\/\/archeriegossart.fr\/index.php\/produit\/jumelle-bushnell-trophy-8x42-verte\/","title":{"rendered":"JUMELLES VEOPTIK VERTE 8X42"},"content":{"rendered":"<h2>Jumelles de haute qualit\u00e9 en 10&#215;42<br \/>\nId\u00e9ales pour l&rsquo;observation nomade ou l&rsquo;approche du grand gibier.<\/h2>\n<p>Traitement multicouches pour une restitution de vision optimale<br \/>\nConstruction avec prismes en toit<br \/>\nChassis avec rev\u00eatement en caoutchouc kaki l\u00e9ger et r\u00e9sistant<br \/>\nCapuchons amovibles pour la protection des lentilles<br \/>\nBonnettes r\u00e9glables avec positions interm\u00e9diaires<\/p>\n<p>Grossissement X8<br \/>\nObjectif 42mm<\/p>\n<p>Poids: 700g<br \/>\nHauteur: 17,50cm<\/p>\n","protected":false},"excerpt":{"rendered":"<p>Jumelles de haute qualit\u00e9 en 10&#215;42 Id\u00e9ales pour l&rsquo;observation nomade ou l&rsquo;approche du grand gibier. Traitement multicouches pour une restitution de vision optimale Construction avec prismes en toit Chassis avec rev\u00eatement en caoutchouc kaki l\u00e9ger et r\u00e9sistant Capuchons amovibles pour la protection des lentilles Bonnettes r\u00e9glables avec positions interm\u00e9diaires Grossissement X8 Objectif 42mm Poids: 700g [&hellip;]<\/p>\n","protected":false},"featured_media":7216,"template":"","meta":[],"product_cat":[68],"product_tag":[],"_links":{"self":[{"href":"https:\/\/archeriegossart.fr\/index.php\/wp-json\/wp\/v3\/product\/1682"}],"collection":[{"href":"https:\/\/archeriegossart.fr\/index.php\/wp-json\/wp\/v3\/product"}],"about":[{"href":"https:\/\/archeriegossart.fr\/index.php\/wp-json\/wp\/v2\/types\/product"}],"wp:featuredmedia":[{"embeddable":true,"href":"https:\/\/archeriegossart.fr\/index.php\/wp-json\/wp\/v2\/media\/7216"}],"wp:attachment":[{"href":"https:\/\/archeriegossart.fr\/index.php\/wp-json\/wp\/v2\/media?parent=1682"}],"wp:term":[{"taxonomy":"product_cat","embeddable":true,"href":"https:\/\/archeriegossart.fr\/index.php\/wp-json\/wp\/v2\/product_cat?post=1682"},{"taxonomy":"product_tag","embeddable":true,"href":"https:\/\/archeriegossart.fr\/index.php\/wp-json\/wp\/v2\/product_tag?post=1682"}],"curies":[{"name":"wp","href":"https:\/\/api.w.org\/{rel}","templated":true}]}}