{"id":1720,"date":"2017-07-11T14:38:04","date_gmt":"2017-07-11T12:38:04","guid":{"rendered":"http:\/\/archeriegossart.fr\/?post_type=product&#038;p=1720"},"modified":"2018-12-01T09:00:39","modified_gmt":"2018-12-01T08:00:39","slug":"couteau-lancer-herbertz-noir-15cm-inox-etui","status":"publish","type":"product","link":"https:\/\/archeriegossart.fr\/index.php\/produit\/couteau-lancer-herbertz-noir-15cm-inox-etui\/","title":{"rendered":"COUTEAU LANCER HERBERTZ NOIR 15CM INOX + ETUI"},"content":{"rendered":"<p><strong>Poignard \u00e0 lancer HERBERTZ, lame 15 cm acier 420, manche \u00e0 trous,<br \/>\n\u00e9tui nylon<\/strong><\/p>\n","protected":false},"excerpt":{"rendered":"<p>Poignard \u00e0 lancer HERBERTZ, lame 15 cm acier 420, manche \u00e0 trous, \u00e9tui nylon<\/p>\n","protected":false},"featured_media":1717,"template":"","meta":[],"product_cat":[65],"product_tag":[],"_links":{"self":[{"href":"https:\/\/archeriegossart.fr\/index.php\/wp-json\/wp\/v3\/product\/1720"}],"collection":[{"href":"https:\/\/archeriegossart.fr\/index.php\/wp-json\/wp\/v3\/product"}],"about":[{"href":"https:\/\/archeriegossart.fr\/index.php\/wp-json\/wp\/v2\/types\/product"}],"wp:featuredmedia":[{"embeddable":true,"href":"https:\/\/archeriegossart.fr\/index.php\/wp-json\/wp\/v2\/media\/1717"}],"wp:attachment":[{"href":"https:\/\/archeriegossart.fr\/index.php\/wp-json\/wp\/v2\/media?parent=1720"}],"wp:term":[{"taxonomy":"product_cat","embeddable":true,"href":"https:\/\/archeriegossart.fr\/index.php\/wp-json\/wp\/v2\/product_cat?post=1720"},{"taxonomy":"product_tag","embeddable":true,"href":"https:\/\/archeriegossart.fr\/index.php\/wp-json\/wp\/v2\/product_tag?post=1720"}],"curies":[{"name":"wp","href":"https:\/\/api.w.org\/{rel}","templated":true}]}}