{"id":1774,"date":"2017-07-11T18:14:55","date_gmt":"2017-07-11T16:14:55","guid":{"rendered":"http:\/\/archeriegossart.fr\/?post_type=product&#038;p=1774"},"modified":"2025-02-07T18:40:48","modified_gmt":"2025-02-07T17:40:48","slug":"swisstool-spirit-etui-nylon","status":"publish","type":"product","link":"https:\/\/archeriegossart.fr\/index.php\/produit\/swisstool-spirit-etui-nylon\/","title":{"rendered":"SWISSTOOL SPIRIT + ETUI NYLON"},"content":{"rendered":"<p><strong>SWISSTOOL SPIRIT<br \/>\n105 mm, 205gr.<br \/>\n27 FONCTIONS (11 PIECES).<br \/>\n1. pince pointue avec :<br \/>\n2. &#8211; coupe fil pour fil fin de duret\u00e9 maxi de 40 HRC<br \/>\n3. &#8211; coupe fil fort et dur<br \/>\n4. d\u00e9capsuleur avec :<br \/>\n5. &#8211; tournevis 6 mm<br \/>\n6. &#8211; outil levier<br \/>\n7. &#8211; plieur fil \u00e9lectrique<br \/>\n8. tournevis 2 mm<br \/>\n9. lame Spirit, tranchant 1\/4 lisse, 3\/4 ondul\u00e9<br \/>\n10. ciseaux<br \/>\n11. lime \u00e0 m\u00e9taux avec :<br \/>\n12. &#8211; scie \u00e0 m\u00e9taux<br \/>\n13. scie \u00e0 bois<br \/>\n14. poin\u00e7on al\u00e9soir avec :<br \/>\n15. &#8211; crochet multi-fonctions<br \/>\n16. tournevis cruciforme 1+2<br \/>\n17. racloir \/ ciseau \u00e0 bois avec :<br \/>\n18. &#8211; coupe gaine dans la longueur<br \/>\n19. &#8211; d\u00e9nudeur \/ racloir fil \u00e9lectrique<br \/>\n20. &#8211; coupe gaine circulaire<br \/>\n21. ouvre-bo\u00eetes avec :<br \/>\n22. &#8211; tournevis 3 mm<br \/>\n23. \u00e9tui nylon<br \/>\n24. encoche pour tire-bouchon<br \/>\n25. point d&rsquo;attache<br \/>\n26. dix ressorts individuels<br \/>\n27. poussoirs pour d\u00e9blocage<\/strong><\/p>\n<p>Les diverses pi\u00e8ces peuvent \u00eatre ouvertes directement, sans qu&rsquo;il soit n\u00e9cessaire, tout d&rsquo;abord, d&rsquo;ouvrir la pince. Un m\u00e9canisme brevet\u00e9 fait que les pi\u00e8ces sont bloqu\u00e9es une fois ouvertes.<\/p>\n","protected":false},"excerpt":{"rendered":"<p>SWISSTOOL SPIRIT 105 mm, 205gr. 27 FONCTIONS (11 PIECES). 1. pince pointue avec : 2. &#8211; coupe fil pour fil fin de duret\u00e9 maxi de 40 HRC 3. &#8211; coupe fil fort et dur 4. d\u00e9capsuleur avec : 5. &#8211; tournevis 6 mm 6. &#8211; outil levier 7. &#8211; plieur fil \u00e9lectrique 8. tournevis 2 [&hellip;]<\/p>\n","protected":false},"featured_media":1775,"template":"","meta":[],"product_cat":[58,102],"product_tag":[],"_links":{"self":[{"href":"https:\/\/archeriegossart.fr\/index.php\/wp-json\/wp\/v3\/product\/1774"}],"collection":[{"href":"https:\/\/archeriegossart.fr\/index.php\/wp-json\/wp\/v3\/product"}],"about":[{"href":"https:\/\/archeriegossart.fr\/index.php\/wp-json\/wp\/v2\/types\/product"}],"wp:featuredmedia":[{"embeddable":true,"href":"https:\/\/archeriegossart.fr\/index.php\/wp-json\/wp\/v2\/media\/1775"}],"wp:attachment":[{"href":"https:\/\/archeriegossart.fr\/index.php\/wp-json\/wp\/v2\/media?parent=1774"}],"wp:term":[{"taxonomy":"product_cat","embeddable":true,"href":"https:\/\/archeriegossart.fr\/index.php\/wp-json\/wp\/v2\/product_cat?post=1774"},{"taxonomy":"product_tag","embeddable":true,"href":"https:\/\/archeriegossart.fr\/index.php\/wp-json\/wp\/v2\/product_tag?post=1774"}],"curies":[{"name":"wp","href":"https:\/\/api.w.org\/{rel}","templated":true}]}}