{"id":1780,"date":"2017-07-11T18:36:28","date_gmt":"2017-07-11T16:36:28","guid":{"rendered":"http:\/\/archeriegossart.fr\/?post_type=product&#038;p=1780"},"modified":"2025-02-07T18:38:27","modified_gmt":"2025-02-07T17:38:27","slug":"swisstool-plus-2-etui-cuir","status":"publish","type":"product","link":"https:\/\/archeriegossart.fr\/index.php\/produit\/swisstool-plus-2-etui-cuir\/","title":{"rendered":"SWISSTOOL PLUS 2 + ETUI CUIR"},"content":{"rendered":"<p><strong>SWISSTOOL PLUS 2<br \/>\n42 FONCTIONS (22 PIECES).<br \/>\n1. pince multi-usages avec :<br \/>\n2. &#8211; coupe fil pour fil fin de duret\u00e9 maxi de 40 HRC<br \/>\n3. &#8211; coupe fil dur<br \/>\n4. &#8211; serre cosse<br \/>\n5. d\u00e9capsuleur avec :<br \/>\n6. &#8211; tournevis 5 mm<br \/>\n7. &#8211; plieur fil \u00e9lectrique<br \/>\n8. outil levier avec :<br \/>\n9. &#8211; tournevis 7.5 mm<br \/>\n10. tournevis 2 mm<br \/>\n11. lame pointue<br \/>\n12. ciseaux<br \/>\n13. lime \u00e0 m\u00e9taux avec :<br \/>\n14. &#8211; scie \u00e0 m\u00e9taux<br \/>\n15. scie \u00e0 bois<br \/>\n16. poin\u00e7on al\u00e9soir<br \/>\n17. tournevis cruciforme 1+2<br \/>\n18. racloir \/ ciseau \u00e0 bois avec :<br \/>\n19. &#8211; d\u00e9nudeur fil \u00e9lectrique<br \/>\n20. &#8211; racloir fil \u00e9lectrique<br \/>\n21. ouvre-bo\u00eetes avec :<br \/>\n22. &#8211; tournevis 3 mm<br \/>\n23. r\u00e8gle en mm (230)<br \/>\n24. r\u00e8gle en pouces (9)<br \/>\n25. \u00e9querre<br \/>\n26. \u00e9tui cuir 2 compartiments<br \/>\n27. encoche pour tire-bouchon<br \/>\n28. point d&rsquo;attache<br \/>\n29. onze ressorts individuels<br \/>\n30. poussoirs pour d\u00e9blocage<br \/>\n31. bo\u00eetier avec :<br \/>\n32. &#8211; cl\u00e9 \u00e0 cliquet (30Nm)<br \/>\n33. &#8211; embout Hex 3<br \/>\n34. &#8211; embout Hex 4<br \/>\n35. &#8211; embout Phillips 0<br \/>\n36. &#8211; embout Phillips 3<br \/>\n37. &#8211; embout Torx 10<br \/>\n38. &#8211; embout Torx 15<br \/>\n39. &#8211; emplacements pour embouts suppl\u00e9mentaires<br \/>\n40. mini-tournevis 1.5 mm<br \/>\n41. tire-bouchon<br \/>\n42. prolongateur d&rsquo;outil<\/strong><\/p>\n<p>Les diverses pi\u00e8ces peuvent \u00eatre ouvertes directement, sans qu&rsquo;il soit n\u00e9cessaire, tout d&rsquo;abord, d&rsquo;ouvrir la pince. Un m\u00e9canisme brevet\u00e9 fait que les pi\u00e8ces sont bloqu\u00e9es une fois ouvertes.<\/p>\n","protected":false},"excerpt":{"rendered":"<p>SWISSTOOL PLUS 2 42 FONCTIONS (22 PIECES). 1. pince multi-usages avec : 2. &#8211; coupe fil pour fil fin de duret\u00e9 maxi de 40 HRC 3. &#8211; coupe fil dur 4. &#8211; serre cosse 5. d\u00e9capsuleur avec : 6. &#8211; tournevis 5 mm 7. &#8211; plieur fil \u00e9lectrique 8. outil levier avec : 9. &#8211; [&hellip;]<\/p>\n","protected":false},"featured_media":1781,"template":"","meta":[],"product_cat":[58,102],"product_tag":[],"_links":{"self":[{"href":"https:\/\/archeriegossart.fr\/index.php\/wp-json\/wp\/v3\/product\/1780"}],"collection":[{"href":"https:\/\/archeriegossart.fr\/index.php\/wp-json\/wp\/v3\/product"}],"about":[{"href":"https:\/\/archeriegossart.fr\/index.php\/wp-json\/wp\/v2\/types\/product"}],"wp:featuredmedia":[{"embeddable":true,"href":"https:\/\/archeriegossart.fr\/index.php\/wp-json\/wp\/v2\/media\/1781"}],"wp:attachment":[{"href":"https:\/\/archeriegossart.fr\/index.php\/wp-json\/wp\/v2\/media?parent=1780"}],"wp:term":[{"taxonomy":"product_cat","embeddable":true,"href":"https:\/\/archeriegossart.fr\/index.php\/wp-json\/wp\/v2\/product_cat?post=1780"},{"taxonomy":"product_tag","embeddable":true,"href":"https:\/\/archeriegossart.fr\/index.php\/wp-json\/wp\/v2\/product_tag?post=1780"}],"curies":[{"name":"wp","href":"https:\/\/api.w.org\/{rel}","templated":true}]}}