{"id":1818,"date":"2017-07-13T14:26:41","date_gmt":"2017-07-13T12:26:41","guid":{"rendered":"http:\/\/archeriegossart.fr\/?post_type=product&#038;p=1818"},"modified":"2017-11-06T23:06:22","modified_gmt":"2017-11-06T22:06:22","slug":"couteau-crkt-aux","status":"publish","type":"product","link":"https:\/\/archeriegossart.fr\/index.php\/produit\/couteau-crkt-aux\/","title":{"rendered":"COUTEAU CRKT AUX"},"content":{"rendered":"<p><strong>Couteau CRKT \u00ab AUX \u00bb, lame acier 8Cr13MoV satin\u00e9 \u00e0 cran int\u00e9rieur et \u00e0 bouton plat, manche 11 cm nylon\/fibre de verre noir, avec clip.<br \/>\n<\/strong><\/p>\n","protected":false},"excerpt":{"rendered":"<p>Couteau CRKT \u00ab AUX \u00bb, lame acier 8Cr13MoV satin\u00e9 \u00e0 cran int\u00e9rieur et \u00e0 bouton plat, manche 11 cm nylon\/fibre de verre noir, avec clip.<\/p>\n","protected":false},"featured_media":1815,"template":"","meta":[],"product_cat":[56],"product_tag":[],"_links":{"self":[{"href":"https:\/\/archeriegossart.fr\/index.php\/wp-json\/wp\/v3\/product\/1818"}],"collection":[{"href":"https:\/\/archeriegossart.fr\/index.php\/wp-json\/wp\/v3\/product"}],"about":[{"href":"https:\/\/archeriegossart.fr\/index.php\/wp-json\/wp\/v2\/types\/product"}],"wp:featuredmedia":[{"embeddable":true,"href":"https:\/\/archeriegossart.fr\/index.php\/wp-json\/wp\/v2\/media\/1815"}],"wp:attachment":[{"href":"https:\/\/archeriegossart.fr\/index.php\/wp-json\/wp\/v2\/media?parent=1818"}],"wp:term":[{"taxonomy":"product_cat","embeddable":true,"href":"https:\/\/archeriegossart.fr\/index.php\/wp-json\/wp\/v2\/product_cat?post=1818"},{"taxonomy":"product_tag","embeddable":true,"href":"https:\/\/archeriegossart.fr\/index.php\/wp-json\/wp\/v2\/product_tag?post=1818"}],"curies":[{"name":"wp","href":"https:\/\/api.w.org\/{rel}","templated":true}]}}