{"id":1848,"date":"2017-07-13T17:53:23","date_gmt":"2017-07-13T15:53:23","guid":{"rendered":"http:\/\/archeriegossart.fr\/?post_type=product&#038;p=1848"},"modified":"2017-11-06T23:04:02","modified_gmt":"2017-11-06T22:04:02","slug":"couteau-crkt-ripple-design-ken-onion","status":"publish","type":"product","link":"https:\/\/archeriegossart.fr\/index.php\/produit\/couteau-crkt-ripple-design-ken-onion\/","title":{"rendered":"COUTEAU CRKT RIPPLE &#8211; DESIGN KEN ONION"},"content":{"rendered":"<p><strong>Couteau CRKT \u00ab RIPPLE \u00bb, lame acier 8Cr14MoV satin\u00e9 avec<br \/>\n\u00ab flipper \u00bb et cran int\u00e9rieur, manche \u00e0 trous 11 cm aluminium anodis\u00e9 noir avec clip.<br \/>\nAvec syst\u00e8me IKBS.<br \/>\n<\/strong><\/p>\n","protected":false},"excerpt":{"rendered":"<p>Couteau CRKT \u00ab RIPPLE \u00bb, lame acier 8Cr14MoV satin\u00e9 avec \u00ab flipper \u00bb et cran int\u00e9rieur, manche \u00e0 trous 11 cm aluminium anodis\u00e9 noir avec clip. Avec syst\u00e8me IKBS.<\/p>\n","protected":false},"featured_media":1849,"template":"","meta":[],"product_cat":[56],"product_tag":[],"_links":{"self":[{"href":"https:\/\/archeriegossart.fr\/index.php\/wp-json\/wp\/v3\/product\/1848"}],"collection":[{"href":"https:\/\/archeriegossart.fr\/index.php\/wp-json\/wp\/v3\/product"}],"about":[{"href":"https:\/\/archeriegossart.fr\/index.php\/wp-json\/wp\/v2\/types\/product"}],"wp:featuredmedia":[{"embeddable":true,"href":"https:\/\/archeriegossart.fr\/index.php\/wp-json\/wp\/v2\/media\/1849"}],"wp:attachment":[{"href":"https:\/\/archeriegossart.fr\/index.php\/wp-json\/wp\/v2\/media?parent=1848"}],"wp:term":[{"taxonomy":"product_cat","embeddable":true,"href":"https:\/\/archeriegossart.fr\/index.php\/wp-json\/wp\/v2\/product_cat?post=1848"},{"taxonomy":"product_tag","embeddable":true,"href":"https:\/\/archeriegossart.fr\/index.php\/wp-json\/wp\/v2\/product_tag?post=1848"}],"curies":[{"name":"wp","href":"https:\/\/api.w.org\/{rel}","templated":true}]}}