{"id":1852,"date":"2017-07-13T18:21:11","date_gmt":"2017-07-13T16:21:11","guid":{"rendered":"http:\/\/archeriegossart.fr\/?post_type=product&#038;p=1852"},"modified":"2017-11-06T23:03:45","modified_gmt":"2017-11-06T22:03:45","slug":"couteau-puma-tec-alu-noir-puma-11cm-clip","status":"publish","type":"product","link":"https:\/\/archeriegossart.fr\/index.php\/produit\/couteau-puma-tec-alu-noir-puma-11cm-clip\/","title":{"rendered":"COUTEAU PUMA-TEC ALU NOIR PUMA 11CM + CLIP"},"content":{"rendered":"<p><strong>Couteau PUMA-TEC, lame noire acier 420 \u00e0 cran int\u00e9rieur et \u00e0<br \/>\nbouton double dor\u00e9, manche 11 cm alu noir avec d\u00e9coupe t\u00eate de puma, platines dor\u00e9es, avec clip.<\/strong><\/p>\n","protected":false},"excerpt":{"rendered":"<p>Couteau PUMA-TEC, lame noire acier 420 \u00e0 cran int\u00e9rieur et \u00e0 bouton double dor\u00e9, manche 11 cm alu noir avec d\u00e9coupe t\u00eate de puma, platines dor\u00e9es, avec clip.<\/p>\n","protected":false},"featured_media":1853,"template":"","meta":[],"product_cat":[56],"product_tag":[],"_links":{"self":[{"href":"https:\/\/archeriegossart.fr\/index.php\/wp-json\/wp\/v3\/product\/1852"}],"collection":[{"href":"https:\/\/archeriegossart.fr\/index.php\/wp-json\/wp\/v3\/product"}],"about":[{"href":"https:\/\/archeriegossart.fr\/index.php\/wp-json\/wp\/v2\/types\/product"}],"wp:featuredmedia":[{"embeddable":true,"href":"https:\/\/archeriegossart.fr\/index.php\/wp-json\/wp\/v2\/media\/1853"}],"wp:attachment":[{"href":"https:\/\/archeriegossart.fr\/index.php\/wp-json\/wp\/v2\/media?parent=1852"}],"wp:term":[{"taxonomy":"product_cat","embeddable":true,"href":"https:\/\/archeriegossart.fr\/index.php\/wp-json\/wp\/v2\/product_cat?post=1852"},{"taxonomy":"product_tag","embeddable":true,"href":"https:\/\/archeriegossart.fr\/index.php\/wp-json\/wp\/v2\/product_tag?post=1852"}],"curies":[{"name":"wp","href":"https:\/\/api.w.org\/{rel}","templated":true}]}}