{"id":189,"date":"2017-02-23T06:02:14","date_gmt":"2017-02-23T05:02:14","guid":{"rendered":"http:\/\/archeriegossart.fr\/?post_type=product&#038;p=189"},"modified":"2021-07-16T18:53:17","modified_gmt":"2021-07-16T16:53:17","slug":"winwin-black-wolf-poignee-carbone-noir","status":"publish","type":"product","link":"https:\/\/archeriegossart.fr\/index.php\/produit\/winwin-black-wolf-poignee-carbone-noir\/","title":{"rendered":"POIGNEE D&rsquo;ARC DE CHASSE ET TIR NATURE WIN&#038;WIN Black Wolf EN CARBONE NOIR 17&Prime;"},"content":{"rendered":"<p>Nous travaillons pour un monde de champions, pour que chaque athl\u00e8te go\u00fbte \u00e0 la perfection. Pour les pros et l&rsquo;excellence, nos athl\u00e8tes et nos clients sont n\u00e9s pour gagner.<br \/>\nLa s\u00e9rie BLACK WOLF ne fait pas exception et rassemble aussi bien l&rsquo;h\u00e9ritage que l&rsquo;exp\u00e9rience de Win&amp;Win Archery dans la fabrication d&rsquo;arcs classique pour la chasse sans sacrifier la manoeuvrabilit\u00e9.<\/p>\n<p>LIMB POCKET BLOCK<br \/>\nTous les arcs classique Win&amp;Win sont mont\u00e9s avec le syst\u00e8me international ILF pour une meilleure stabilit\u00e9.<\/p>\n<p>DROITIER OU GAUCHER<\/p>\n","protected":false},"excerpt":{"rendered":"<p>Nous travaillons pour un monde de champions, pour que chaque athl\u00e8te go\u00fbte \u00e0 la perfection. Pour les pros et l&rsquo;excellence, nos athl\u00e8tes et nos clients sont n\u00e9s pour gagner. La s\u00e9rie BLACK WOLF ne fait pas exception et rassemble aussi bien l&rsquo;h\u00e9ritage que l&rsquo;exp\u00e9rience de Win&amp;Win Archery dans la fabrication d&rsquo;arcs classique pour la chasse [&hellip;]<\/p>\n","protected":false},"featured_media":186,"template":"","meta":[],"product_cat":[35],"product_tag":[],"_links":{"self":[{"href":"https:\/\/archeriegossart.fr\/index.php\/wp-json\/wp\/v3\/product\/189"}],"collection":[{"href":"https:\/\/archeriegossart.fr\/index.php\/wp-json\/wp\/v3\/product"}],"about":[{"href":"https:\/\/archeriegossart.fr\/index.php\/wp-json\/wp\/v2\/types\/product"}],"wp:featuredmedia":[{"embeddable":true,"href":"https:\/\/archeriegossart.fr\/index.php\/wp-json\/wp\/v2\/media\/186"}],"wp:attachment":[{"href":"https:\/\/archeriegossart.fr\/index.php\/wp-json\/wp\/v2\/media?parent=189"}],"wp:term":[{"taxonomy":"product_cat","embeddable":true,"href":"https:\/\/archeriegossart.fr\/index.php\/wp-json\/wp\/v2\/product_cat?post=189"},{"taxonomy":"product_tag","embeddable":true,"href":"https:\/\/archeriegossart.fr\/index.php\/wp-json\/wp\/v2\/product_tag?post=189"}],"curies":[{"name":"wp","href":"https:\/\/api.w.org\/{rel}","templated":true}]}}