{"id":191,"date":"2017-02-23T06:09:08","date_gmt":"2017-02-23T05:09:08","guid":{"rendered":"http:\/\/archeriegossart.fr\/?post_type=product&#038;p=191"},"modified":"2021-03-25T08:29:50","modified_gmt":"2021-03-25T07:29:50","slug":"winwin-black-wolf-branches-carbone-noir","status":"publish","type":"product","link":"https:\/\/archeriegossart.fr\/index.php\/produit\/winwin-black-wolf-branches-carbone-noir\/","title":{"rendered":"WIN&#038;WIN Black Wolf Branches carbone noir"},"content":{"rendered":"<p>Nous travaillons pour un monde de champions, pour que chaque athl\u00e8te go\u00fbte \u00e0 la perfection. Pour les pros et l&rsquo;excellence, nos athl\u00e8tes et nos clients sont n\u00e9s pour gagner.<br \/>\nLa s\u00e9rie BLACK WOLF ne fait pas exception et rassemble aussi bien l&rsquo;h\u00e9ritage que l&rsquo;exp\u00e9rience de Win&amp;Win Archery dans la fabrication d&rsquo;arcs classique pour la chasse sans sacrifier la manoeuvrabilit\u00e9.<\/p>\n<p>LE BOIS, C\u0152UR DE NOS BRANCHES<br \/>\nLes branches du Black Wolf disposent d\u2019un c\u0153ur en bois pour vous apporter stabilit\u00e9 et puissance pendant le tir. Ce c\u0153ur est envelopp\u00e9 de couches de carbone afin de maximiser la r\u00e9sistance et la pr\u00e9cision \u00e0 pleine allonge. En tant que leader mondial du fa\u00e7onnage du carbone, nos branches disposent du meilleur de la technologie actuelle en la mati\u00e8re, la m\u00eame utilis\u00e9e pour nos arcs classique de classe olympique. Toutes ces technologies emp\u00eachent tout retord de l\u2019arc lorsque la fl\u00e8che est tir\u00e9e et elles vous apportent une pr\u00e9cision imbattable \u00e0 chaque fois !<\/p>\n<p>LIMB POCKET BLOCK<br \/>\nTous les arcs classique Win&amp;Win sont mont\u00e9s avec le syst\u00e8me international ILF pour une meilleure stabilit\u00e9.<\/p>\n<p>&#8211; Limbs Length = 58-60-62#<br \/>\n&#8211; Available Weight = 35 \u00e0 65 lbs<\/p>\n","protected":false},"excerpt":{"rendered":"<p>Nous travaillons pour un monde de champions, pour que chaque athl\u00e8te go\u00fbte \u00e0 la perfection. Pour les pros et l&rsquo;excellence, nos athl\u00e8tes et nos clients sont n\u00e9s pour gagner. La s\u00e9rie BLACK WOLF ne fait pas exception et rassemble aussi bien l&rsquo;h\u00e9ritage que l&rsquo;exp\u00e9rience de Win&amp;Win Archery dans la fabrication d&rsquo;arcs classique pour la chasse [&hellip;]<\/p>\n","protected":false},"featured_media":183,"template":"","meta":[],"product_cat":[35],"product_tag":[],"_links":{"self":[{"href":"https:\/\/archeriegossart.fr\/index.php\/wp-json\/wp\/v3\/product\/191"}],"collection":[{"href":"https:\/\/archeriegossart.fr\/index.php\/wp-json\/wp\/v3\/product"}],"about":[{"href":"https:\/\/archeriegossart.fr\/index.php\/wp-json\/wp\/v2\/types\/product"}],"wp:featuredmedia":[{"embeddable":true,"href":"https:\/\/archeriegossart.fr\/index.php\/wp-json\/wp\/v2\/media\/183"}],"wp:attachment":[{"href":"https:\/\/archeriegossart.fr\/index.php\/wp-json\/wp\/v2\/media?parent=191"}],"wp:term":[{"taxonomy":"product_cat","embeddable":true,"href":"https:\/\/archeriegossart.fr\/index.php\/wp-json\/wp\/v2\/product_cat?post=191"},{"taxonomy":"product_tag","embeddable":true,"href":"https:\/\/archeriegossart.fr\/index.php\/wp-json\/wp\/v2\/product_tag?post=191"}],"curies":[{"name":"wp","href":"https:\/\/api.w.org\/{rel}","templated":true}]}}