{"id":1942,"date":"2017-07-18T16:06:04","date_gmt":"2017-07-18T14:06:04","guid":{"rendered":"http:\/\/archeriegossart.fr\/?post_type=product&#038;p=1942"},"modified":"2017-12-28T20:33:37","modified_gmt":"2017-12-28T19:33:37","slug":"couteau-otter-mercator-laiton-inox","status":"publish","type":"product","link":"https:\/\/archeriegossart.fr\/index.php\/produit\/couteau-otter-mercator-laiton-inox\/","title":{"rendered":"COUTEAU OTTER MERCATOR LAITON INOX"},"content":{"rendered":"<p><strong>Couteau OTTER \u00ab MERCATOR \u00bb, lame acier inox 4034 avec cran au dos, manche 11 cm laiton, avec b\u00e9li\u00e8re.<\/strong><\/p>\n<p>Les couteaux \u00ab MERCATOR \u00bb sont fabriqu\u00e9s \u00e0 Solingen depuis 1867. Ils sont c\u00e9l\u00e8bres pour avoir \u00e9quip\u00e9 les soldats de l&rsquo;Empereur Guillaume II lors de la premi\u00e8re guerre mondiale. Puis ils furent \u00e9galement utilis\u00e9s au cours de la seconde guerre mondiale.<br \/>\nLes soldats am\u00e9ricains qui en rapport\u00e8rent chez eux firent du<br \/>\n\u00ab K55K \u00bb un mod\u00e8le mythique :<br \/>\n&#8211; Le premier K signifie Kaufmann (nom du fondateur de l&rsquo;Entreprise).<br \/>\n&#8211; Le chiffre 55 indique le num\u00e9ro de la rue o\u00f9 \u00e9tait situ\u00e9e la fabrique d&rsquo;origine.<br \/>\n&#8211; Le dernier K fait r\u00e9f\u00e9rence au chat (Katz en allemand) grav\u00e9 sur le<\/p>\n","protected":false},"excerpt":{"rendered":"<p>Couteau OTTER \u00ab MERCATOR \u00bb, lame acier inox 4034 avec cran au dos, manche 11 cm laiton, avec b\u00e9li\u00e8re. Les couteaux \u00ab MERCATOR \u00bb sont fabriqu\u00e9s \u00e0 Solingen depuis 1867. Ils sont c\u00e9l\u00e8bres pour avoir \u00e9quip\u00e9 les soldats de l&rsquo;Empereur Guillaume II lors de la premi\u00e8re guerre mondiale. Puis ils furent \u00e9galement utilis\u00e9s au cours [&hellip;]<\/p>\n","protected":false},"featured_media":1930,"template":"","meta":[],"product_cat":[57],"product_tag":[],"_links":{"self":[{"href":"https:\/\/archeriegossart.fr\/index.php\/wp-json\/wp\/v3\/product\/1942"}],"collection":[{"href":"https:\/\/archeriegossart.fr\/index.php\/wp-json\/wp\/v3\/product"}],"about":[{"href":"https:\/\/archeriegossart.fr\/index.php\/wp-json\/wp\/v2\/types\/product"}],"wp:featuredmedia":[{"embeddable":true,"href":"https:\/\/archeriegossart.fr\/index.php\/wp-json\/wp\/v2\/media\/1930"}],"wp:attachment":[{"href":"https:\/\/archeriegossart.fr\/index.php\/wp-json\/wp\/v2\/media?parent=1942"}],"wp:term":[{"taxonomy":"product_cat","embeddable":true,"href":"https:\/\/archeriegossart.fr\/index.php\/wp-json\/wp\/v2\/product_cat?post=1942"},{"taxonomy":"product_tag","embeddable":true,"href":"https:\/\/archeriegossart.fr\/index.php\/wp-json\/wp\/v2\/product_tag?post=1942"}],"curies":[{"name":"wp","href":"https:\/\/api.w.org\/{rel}","templated":true}]}}