{"id":2094,"date":"2017-07-21T11:22:08","date_gmt":"2017-07-21T09:22:08","guid":{"rendered":"http:\/\/archeriegossart.fr\/?post_type=product&#038;p=2094"},"modified":"2017-07-21T11:22:08","modified_gmt":"2017-07-21T09:22:08","slug":"couteau-japonais-stopper-100-10cm-etui","status":"publish","type":"product","link":"https:\/\/archeriegossart.fr\/index.php\/produit\/couteau-japonais-stopper-100-10cm-etui\/","title":{"rendered":"COUTEAU JAPONAIS STOPPER 100 10CM + ETUI"},"content":{"rendered":"<p><strong>\u00ab STOPPER 100 \u00bb lame 10 cm. Mod\u00e8le office avec \u00e9tui bois.<\/p>\n<p>Couteau de formes japonaises \u00e9quip\u00e9 d&rsquo;une lame inox et d&rsquo;un manche en bois verni.<\/p>\n<p>Ne va pas au lave-vaisselle. Doit \u00eatre lav\u00e9 et essuy\u00e9 apr\u00e8s utilisation.<br \/>\n<\/strong><\/p>\n","protected":false},"excerpt":{"rendered":"<p>\u00ab STOPPER 100 \u00bb lame 10 cm. Mod\u00e8le office avec \u00e9tui bois. Couteau de formes japonaises \u00e9quip\u00e9 d&rsquo;une lame inox et d&rsquo;un manche en bois verni. Ne va pas au lave-vaisselle. Doit \u00eatre lav\u00e9 et essuy\u00e9 apr\u00e8s utilisation.<\/p>\n","protected":false},"featured_media":2095,"template":"","meta":[],"product_cat":[120],"product_tag":[],"_links":{"self":[{"href":"https:\/\/archeriegossart.fr\/index.php\/wp-json\/wp\/v3\/product\/2094"}],"collection":[{"href":"https:\/\/archeriegossart.fr\/index.php\/wp-json\/wp\/v3\/product"}],"about":[{"href":"https:\/\/archeriegossart.fr\/index.php\/wp-json\/wp\/v2\/types\/product"}],"wp:featuredmedia":[{"embeddable":true,"href":"https:\/\/archeriegossart.fr\/index.php\/wp-json\/wp\/v2\/media\/2095"}],"wp:attachment":[{"href":"https:\/\/archeriegossart.fr\/index.php\/wp-json\/wp\/v2\/media?parent=2094"}],"wp:term":[{"taxonomy":"product_cat","embeddable":true,"href":"https:\/\/archeriegossart.fr\/index.php\/wp-json\/wp\/v2\/product_cat?post=2094"},{"taxonomy":"product_tag","embeddable":true,"href":"https:\/\/archeriegossart.fr\/index.php\/wp-json\/wp\/v2\/product_tag?post=2094"}],"curies":[{"name":"wp","href":"https:\/\/api.w.org\/{rel}","templated":true}]}}