{"id":2127,"date":"2017-07-22T10:08:21","date_gmt":"2017-07-22T08:08:21","guid":{"rendered":"http:\/\/archeriegossart.fr\/?post_type=product&#038;p=2127"},"modified":"2018-12-01T18:41:00","modified_gmt":"2018-12-01T17:41:00","slug":"set-3-couteaux-a-lancer-albainox-avec-etui-16-cm","status":"publish","type":"product","link":"https:\/\/archeriegossart.fr\/index.php\/produit\/set-3-couteaux-a-lancer-albainox-avec-etui-16-cm\/","title":{"rendered":"Set 3 couteaux \u00e0 lancer ALBAINOX. Avec \u00e9tui. 16 cm"},"content":{"rendered":"<p><span style=\"font-size: small;\">3 couteaux \u00e0 lancer<br \/>\n<\/span><span style=\"font-size: small;\"> Lame: Acier inox<br \/>\nLongueur Totale: 16 cm<br \/>\n1 Tranchant<br \/>\n<\/span><span style=\"font-size: small;\"> Pr\u00e9sentation: \u00c9tui en nylon<\/span><\/p>\n","protected":false},"excerpt":{"rendered":"<p>3 couteaux \u00e0 lancer Lame: Acier inox Longueur Totale: 16 cm 1 Tranchant Pr\u00e9sentation: \u00c9tui en nylon<\/p>\n","protected":false},"featured_media":2121,"template":"","meta":[],"product_cat":[65],"product_tag":[],"_links":{"self":[{"href":"https:\/\/archeriegossart.fr\/index.php\/wp-json\/wp\/v3\/product\/2127"}],"collection":[{"href":"https:\/\/archeriegossart.fr\/index.php\/wp-json\/wp\/v3\/product"}],"about":[{"href":"https:\/\/archeriegossart.fr\/index.php\/wp-json\/wp\/v2\/types\/product"}],"wp:featuredmedia":[{"embeddable":true,"href":"https:\/\/archeriegossart.fr\/index.php\/wp-json\/wp\/v2\/media\/2121"}],"wp:attachment":[{"href":"https:\/\/archeriegossart.fr\/index.php\/wp-json\/wp\/v2\/media?parent=2127"}],"wp:term":[{"taxonomy":"product_cat","embeddable":true,"href":"https:\/\/archeriegossart.fr\/index.php\/wp-json\/wp\/v2\/product_cat?post=2127"},{"taxonomy":"product_tag","embeddable":true,"href":"https:\/\/archeriegossart.fr\/index.php\/wp-json\/wp\/v2\/product_tag?post=2127"}],"curies":[{"name":"wp","href":"https:\/\/api.w.org\/{rel}","templated":true}]}}