{"id":214,"date":"2017-02-24T06:13:08","date_gmt":"2017-02-24T05:13:08","guid":{"rendered":"http:\/\/archeriegossart.fr\/?post_type=product&#038;p=214"},"modified":"2022-06-28T17:56:49","modified_gmt":"2022-06-28T15:56:49","slug":"arc-longbow-old-tradition-ghost-68","status":"publish","type":"product","link":"https:\/\/archeriegossart.fr\/index.php\/produit\/arc-longbow-old-tradition-ghost-68\/","title":{"rendered":"ARC LONGBOW OLD TRADITION GHOST 68&Prime; ET 66&Prime;"},"content":{"rendered":"<p>Le Ghost b\u00e9n\u00e9ficie d&rsquo;un design Reflex\/Deflex qui lui procure \u00e0 la fois souplesse et vitesse.<br \/>\nSon grip anatomique avec empreinte des doigts et sa fen\u00eatre centr\u00e9e vous permettront d&rsquo;acqu\u00e9rir un niveau de pr\u00e9cision remarquable pour un arc d&rsquo;un rapport qualit\u00e9 prix in\u00e9gal\u00e9 sur le march\u00e9 !<br \/>\nBranches :<br \/>\nFibre Gordon sur \u00e2me centrale en Fr\u00eane et lames de finition en Olivier.<br \/>\nPoign\u00e9e :<br \/>\nCombinaison d\u2019essences exotiques : Ovangkol + merbau.<br \/>\nInsert central en fibre Gordon.<br \/>\n<span style=\"font-family: Calibri;\">Livr\u00e9 avec corde traditionnelle <span style=\"font-family: Calibri;\">Flamande <\/span>en fast flight.<\/span><br \/>\nDimensions : 66\u00a0\u00bb ou 68\u00a0\u00bb.<br \/>\nExiste en droitier ou gaucher de 30 \u00e0 60#.<\/p>\n","protected":false},"excerpt":{"rendered":"<p>Le Ghost b\u00e9n\u00e9ficie d&rsquo;un design Reflex\/Deflex qui lui procure \u00e0 la fois souplesse et vitesse. Son grip anatomique avec empreinte des doigts et sa fen\u00eatre centr\u00e9e vous permettront d&rsquo;acqu\u00e9rir un niveau de pr\u00e9cision remarquable pour un arc d&rsquo;un rapport qualit\u00e9 prix in\u00e9gal\u00e9 sur le march\u00e9 ! Branches : Fibre Gordon sur \u00e2me centrale en Fr\u00eane [&hellip;]<\/p>\n","protected":false},"featured_media":211,"template":"","meta":[],"product_cat":[36],"product_tag":[],"_links":{"self":[{"href":"https:\/\/archeriegossart.fr\/index.php\/wp-json\/wp\/v3\/product\/214"}],"collection":[{"href":"https:\/\/archeriegossart.fr\/index.php\/wp-json\/wp\/v3\/product"}],"about":[{"href":"https:\/\/archeriegossart.fr\/index.php\/wp-json\/wp\/v2\/types\/product"}],"wp:featuredmedia":[{"embeddable":true,"href":"https:\/\/archeriegossart.fr\/index.php\/wp-json\/wp\/v2\/media\/211"}],"wp:attachment":[{"href":"https:\/\/archeriegossart.fr\/index.php\/wp-json\/wp\/v2\/media?parent=214"}],"wp:term":[{"taxonomy":"product_cat","embeddable":true,"href":"https:\/\/archeriegossart.fr\/index.php\/wp-json\/wp\/v2\/product_cat?post=214"},{"taxonomy":"product_tag","embeddable":true,"href":"https:\/\/archeriegossart.fr\/index.php\/wp-json\/wp\/v2\/product_tag?post=214"}],"curies":[{"name":"wp","href":"https:\/\/api.w.org\/{rel}","templated":true}]}}