{"id":2145,"date":"2017-07-22T11:01:12","date_gmt":"2017-07-22T09:01:12","guid":{"rendered":"http:\/\/archeriegossart.fr\/?post_type=product&#038;p=2145"},"modified":"2018-12-01T18:42:22","modified_gmt":"2018-12-01T17:42:22","slug":"set-3-couteaux-a-lancer-albainox-etui-2","status":"publish","type":"product","link":"https:\/\/archeriegossart.fr\/index.php\/produit\/set-3-couteaux-a-lancer-albainox-etui-2\/","title":{"rendered":"Set 3 couteaux \u00e0 lancer Albainox. \u00c9tui"},"content":{"rendered":"<p><span style=\"font-size: small;\">Marque: ALBAINOX<br \/>\n<\/span><span style=\"font-size: small;\"> Set de 3 couteaux \u00e0 lancer<br \/>\nMat\u00e9riau: Acier inox<br \/>\nTaille: 19 cm<br \/>\n\u00c9tui en nylon<\/span><\/p>\n","protected":false},"excerpt":{"rendered":"<p>Marque: ALBAINOX Set de 3 couteaux \u00e0 lancer Mat\u00e9riau: Acier inox Taille: 19 cm \u00c9tui en nylon<\/p>\n","protected":false},"featured_media":2146,"template":"","meta":[],"product_cat":[65],"product_tag":[],"_links":{"self":[{"href":"https:\/\/archeriegossart.fr\/index.php\/wp-json\/wp\/v3\/product\/2145"}],"collection":[{"href":"https:\/\/archeriegossart.fr\/index.php\/wp-json\/wp\/v3\/product"}],"about":[{"href":"https:\/\/archeriegossart.fr\/index.php\/wp-json\/wp\/v2\/types\/product"}],"wp:featuredmedia":[{"embeddable":true,"href":"https:\/\/archeriegossart.fr\/index.php\/wp-json\/wp\/v2\/media\/2146"}],"wp:attachment":[{"href":"https:\/\/archeriegossart.fr\/index.php\/wp-json\/wp\/v2\/media?parent=2145"}],"wp:term":[{"taxonomy":"product_cat","embeddable":true,"href":"https:\/\/archeriegossart.fr\/index.php\/wp-json\/wp\/v2\/product_cat?post=2145"},{"taxonomy":"product_tag","embeddable":true,"href":"https:\/\/archeriegossart.fr\/index.php\/wp-json\/wp\/v2\/product_tag?post=2145"}],"curies":[{"name":"wp","href":"https:\/\/api.w.org\/{rel}","templated":true}]}}