{"id":2150,"date":"2017-07-22T11:37:29","date_gmt":"2017-07-22T09:37:29","guid":{"rendered":"http:\/\/archeriegossart.fr\/?post_type=product&#038;p=2150"},"modified":"2018-12-01T09:04:24","modified_gmt":"2018-12-01T08:04:24","slug":"1-couteau-a-lancer-avec-housse","status":"publish","type":"product","link":"https:\/\/archeriegossart.fr\/index.php\/produit\/1-couteau-a-lancer-avec-housse\/","title":{"rendered":"Couteau \u00e0 lancer avec housse"},"content":{"rendered":"<p><span style=\"font-size: small;\">Marque: ALBAINOX<br \/>\n<\/span><span style=\"font-size: small;\"> Couteau \u00e0 lancer<br \/>\nManche tress\u00e9<br \/>\nMat\u00e9riau: Acier inox<br \/>\nLongueur: 21 cm<br \/>\nUn seule tranchant<br \/>\n<\/span><span style=\"font-size: small;\"> Housse en nylon<\/span><\/p>\n","protected":false},"excerpt":{"rendered":"<p>Marque: ALBAINOX Couteau \u00e0 lancer Manche tress\u00e9 Mat\u00e9riau: Acier inox Longueur: 21 cm Un seule tranchant Housse en nylon<\/p>\n","protected":false},"featured_media":2151,"template":"","meta":[],"product_cat":[65],"product_tag":[],"_links":{"self":[{"href":"https:\/\/archeriegossart.fr\/index.php\/wp-json\/wp\/v3\/product\/2150"}],"collection":[{"href":"https:\/\/archeriegossart.fr\/index.php\/wp-json\/wp\/v3\/product"}],"about":[{"href":"https:\/\/archeriegossart.fr\/index.php\/wp-json\/wp\/v2\/types\/product"}],"wp:featuredmedia":[{"embeddable":true,"href":"https:\/\/archeriegossart.fr\/index.php\/wp-json\/wp\/v2\/media\/2151"}],"wp:attachment":[{"href":"https:\/\/archeriegossart.fr\/index.php\/wp-json\/wp\/v2\/media?parent=2150"}],"wp:term":[{"taxonomy":"product_cat","embeddable":true,"href":"https:\/\/archeriegossart.fr\/index.php\/wp-json\/wp\/v2\/product_cat?post=2150"},{"taxonomy":"product_tag","embeddable":true,"href":"https:\/\/archeriegossart.fr\/index.php\/wp-json\/wp\/v2\/product_tag?post=2150"}],"curies":[{"name":"wp","href":"https:\/\/api.w.org\/{rel}","templated":true}]}}