{"id":282,"date":"2017-02-24T16:39:13","date_gmt":"2017-02-24T15:39:13","guid":{"rendered":"http:\/\/archeriegossart.fr\/?post_type=product&#038;p=282"},"modified":"2022-10-25T14:52:25","modified_gmt":"2022-10-25T12:52:25","slug":"canne-epee-matraque-mailloche-chromee","status":"publish","type":"product","link":"https:\/\/archeriegossart.fr\/index.php\/produit\/canne-epee-matraque-mailloche-chromee\/","title":{"rendered":"CANNE-EPEE MAILLOCHE CHROMEE"},"content":{"rendered":"<p><b>Canne-\u00e9p\u00e9e matraque HERDEGEN 94 cm, poign\u00e9e \u00ab MAILLOCHE \u00bb chrom\u00e9e, lame carr\u00e9e 30 cm, f\u00fbt alu noir.<br \/>\nUn embout caoutchouc (livr\u00e9 s\u00e9par\u00e9ment) est \u00e0 adapter seulement si la canne est utilis\u00e9e comme canne de marche.<br \/>\nAttention ! L&#8217;embout, une fois en place, ne peut plus \u00eatre retir\u00e9.<\/b><\/p>\n","protected":false},"excerpt":{"rendered":"<p>Canne-\u00e9p\u00e9e matraque HERDEGEN 94 cm, poign\u00e9e \u00ab MAILLOCHE \u00bb chrom\u00e9e, lame carr\u00e9e 30 cm, f\u00fbt alu noir. Un embout caoutchouc (livr\u00e9 s\u00e9par\u00e9ment) est \u00e0 adapter seulement si la canne est utilis\u00e9e comme canne de marche. Attention ! L&#8217;embout, une fois en place, ne peut plus \u00eatre retir\u00e9.<\/p>\n","protected":false},"featured_media":283,"template":"","meta":[],"product_cat":[486],"product_tag":[],"_links":{"self":[{"href":"https:\/\/archeriegossart.fr\/index.php\/wp-json\/wp\/v3\/product\/282"}],"collection":[{"href":"https:\/\/archeriegossart.fr\/index.php\/wp-json\/wp\/v3\/product"}],"about":[{"href":"https:\/\/archeriegossart.fr\/index.php\/wp-json\/wp\/v2\/types\/product"}],"wp:featuredmedia":[{"embeddable":true,"href":"https:\/\/archeriegossart.fr\/index.php\/wp-json\/wp\/v2\/media\/283"}],"wp:attachment":[{"href":"https:\/\/archeriegossart.fr\/index.php\/wp-json\/wp\/v2\/media?parent=282"}],"wp:term":[{"taxonomy":"product_cat","embeddable":true,"href":"https:\/\/archeriegossart.fr\/index.php\/wp-json\/wp\/v2\/product_cat?post=282"},{"taxonomy":"product_tag","embeddable":true,"href":"https:\/\/archeriegossart.fr\/index.php\/wp-json\/wp\/v2\/product_tag?post=282"}],"curies":[{"name":"wp","href":"https:\/\/api.w.org\/{rel}","templated":true}]}}