{"id":306,"date":"2017-02-24T16:46:02","date_gmt":"2017-02-24T15:46:02","guid":{"rendered":"http:\/\/archeriegossart.fr\/?post_type=product&#038;p=306"},"modified":"2022-10-25T14:53:41","modified_gmt":"2022-10-25T12:53:41","slug":"canne-epee-poignee-tete-de-levrier-argentee","status":"publish","type":"product","link":"https:\/\/archeriegossart.fr\/index.php\/produit\/canne-epee-poignee-tete-de-levrier-argentee\/","title":{"rendered":"CANNE-EPEE POIGNEE TETE DE LEVRIER ARGENTEE"},"content":{"rendered":"<p><b>Canne-\u00e9p\u00e9e HERDEGEN 92 cm, poign\u00e9e \u00ab LEVRIER \u00bb argent\u00e9e, lame carr\u00e9e 67 cm, f\u00fbt en \u00e9rable teint\u00e9 recouvert de 5 couches de vernis.<br \/>\nUn embout caoutchouc (livr\u00e9 s\u00e9par\u00e9ment) est \u00e0 adapter seulement si la canne est utilis\u00e9e comme canne de marche.<br \/>\nAttention ! L&#8217;embout, une fois en place, ne peut plus \u00eatre retir\u00e9.<\/b><\/p>\n","protected":false},"excerpt":{"rendered":"<p>Canne-\u00e9p\u00e9e HERDEGEN 92 cm, poign\u00e9e \u00ab LEVRIER \u00bb argent\u00e9e, lame carr\u00e9e 67 cm, f\u00fbt en \u00e9rable teint\u00e9 recouvert de 5 couches de vernis. Un embout caoutchouc (livr\u00e9 s\u00e9par\u00e9ment) est \u00e0 adapter seulement si la canne est utilis\u00e9e comme canne de marche. Attention ! L&#8217;embout, une fois en place, ne peut plus \u00eatre retir\u00e9.<\/p>\n","protected":false},"featured_media":298,"template":"","meta":[],"product_cat":[486],"product_tag":[],"_links":{"self":[{"href":"https:\/\/archeriegossart.fr\/index.php\/wp-json\/wp\/v3\/product\/306"}],"collection":[{"href":"https:\/\/archeriegossart.fr\/index.php\/wp-json\/wp\/v3\/product"}],"about":[{"href":"https:\/\/archeriegossart.fr\/index.php\/wp-json\/wp\/v2\/types\/product"}],"wp:featuredmedia":[{"embeddable":true,"href":"https:\/\/archeriegossart.fr\/index.php\/wp-json\/wp\/v2\/media\/298"}],"wp:attachment":[{"href":"https:\/\/archeriegossart.fr\/index.php\/wp-json\/wp\/v2\/media?parent=306"}],"wp:term":[{"taxonomy":"product_cat","embeddable":true,"href":"https:\/\/archeriegossart.fr\/index.php\/wp-json\/wp\/v2\/product_cat?post=306"},{"taxonomy":"product_tag","embeddable":true,"href":"https:\/\/archeriegossart.fr\/index.php\/wp-json\/wp\/v2\/product_tag?post=306"}],"curies":[{"name":"wp","href":"https:\/\/api.w.org\/{rel}","templated":true}]}}