{"id":318,"date":"2017-02-24T17:22:42","date_gmt":"2017-02-24T16:22:42","guid":{"rendered":"http:\/\/archeriegossart.fr\/?post_type=product&#038;p=318"},"modified":"2019-12-18T09:36:50","modified_gmt":"2019-12-18T08:36:50","slug":"canne-epee-tete-de-chien-setter-resine-stamina","status":"publish","type":"product","link":"https:\/\/archeriegossart.fr\/index.php\/produit\/canne-epee-tete-de-chien-setter-resine-stamina\/","title":{"rendered":"CANNE-EPEE TETE DE CHIEN SETTER RESINE \/ STAMINA"},"content":{"rendered":"<p><b>Canne-\u00e9p\u00e9e FAYET 96 cm, pommeau r\u00e9sine motif chien setter,<br \/>\nf\u00fbt stamina.<br \/>\nLes cannes-\u00e9p\u00e9es FAYET sont \u00e9quip\u00e9es d&rsquo;une lame carr\u00e9e en acier carbone 45SDC6 de 70 cm de longueur.<\/b><\/p>\n","protected":false},"excerpt":{"rendered":"<p>Canne-\u00e9p\u00e9e FAYET 96 cm, pommeau r\u00e9sine motif chien setter, f\u00fbt stamina. Les cannes-\u00e9p\u00e9es FAYET sont \u00e9quip\u00e9es d&rsquo;une lame carr\u00e9e en acier carbone 45SDC6 de 70 cm de longueur.<\/p>\n","protected":false},"featured_media":300,"template":"","meta":[],"product_cat":[486],"product_tag":[],"_links":{"self":[{"href":"https:\/\/archeriegossart.fr\/index.php\/wp-json\/wp\/v3\/product\/318"}],"collection":[{"href":"https:\/\/archeriegossart.fr\/index.php\/wp-json\/wp\/v3\/product"}],"about":[{"href":"https:\/\/archeriegossart.fr\/index.php\/wp-json\/wp\/v2\/types\/product"}],"wp:featuredmedia":[{"embeddable":true,"href":"https:\/\/archeriegossart.fr\/index.php\/wp-json\/wp\/v2\/media\/300"}],"wp:attachment":[{"href":"https:\/\/archeriegossart.fr\/index.php\/wp-json\/wp\/v2\/media?parent=318"}],"wp:term":[{"taxonomy":"product_cat","embeddable":true,"href":"https:\/\/archeriegossart.fr\/index.php\/wp-json\/wp\/v2\/product_cat?post=318"},{"taxonomy":"product_tag","embeddable":true,"href":"https:\/\/archeriegossart.fr\/index.php\/wp-json\/wp\/v2\/product_tag?post=318"}],"curies":[{"name":"wp","href":"https:\/\/api.w.org\/{rel}","templated":true}]}}