{"id":3533,"date":"2017-11-23T17:59:21","date_gmt":"2017-11-23T16:59:21","guid":{"rendered":"https:\/\/archeriegossart.fr\/?post_type=product&#038;p=3533"},"modified":"2017-11-23T18:41:07","modified_gmt":"2017-11-23T17:41:07","slug":"lampe-fenix-fd41-900-lumens","status":"publish","type":"product","link":"https:\/\/archeriegossart.fr\/index.php\/produit\/lampe-fenix-fd41-900-lumens\/","title":{"rendered":"LAMPE FENIX FD41 900 lumens"},"content":{"rendered":"<p>Le commutateur arri\u00e8re plus l&rsquo;interrupteur lat\u00e9ral, la compatibilit\u00e9 avec le Li-ion 18650 ainsi que le CR123A r\u00e9sistant au froid rendent le FD41 id\u00e9al pour la recherche, le camping et de la photographie en ext\u00e9rieur.<br \/>\nCaract\u00e9ristiques<br \/>\n\u00b7 Utilise la LED Cree XP-L HI avec une dur\u00e9e de vie de 50 000 heures<br \/>\n\u00b7 Aliment\u00e9 par une batterie rechargeable Li-ion de 18650 ou deux Batteries CR123A<br \/>\n\u00b7 146 mm Longueur x 25,4 mm Diam\u00e8tre du corps x 40 mm Diam\u00e8tre de la t\u00eate<br \/>\n\u00b7 160 grammes (hors batterie)<br \/>\n\u00b7 Technologie de focalisation rotative 360 degr\u00e9s<br \/>\n\u00b7 La sortie \u00e0 commande num\u00e9rique maintient une luminosit\u00e9 constante<br \/>\n\u00b7 Protection contre les inversions de polarit\u00e9, pour prot\u00e9ger contre une mauvaise insertion de la batterie<br \/>\n\u00b7 Protection contre la surchauffe intelligente pour \u00e9viter une temp\u00e9rature de surface \u00e9lev\u00e9e<br \/>\n\u00b7 Interrupteur de queue tactique pour une activation momentan\u00e9e et constante<br \/>\n\u00b7 Interrupteur lat\u00e9ral fonctionnel pour la s\u00e9lection de sortie<br \/>\n\u00b7 Fabriqu\u00e9 en aluminium durable<br \/>\n\u00b7 Finition anti-abrasive anodis\u00e9e dure<br \/>\n\u00b7 Lentille \u00e0 haute efficacit\u00e9 avec rev\u00eatement r\u00e9fl\u00e9chissant total<\/p>\n","protected":false},"excerpt":{"rendered":"<p>Le commutateur arri\u00e8re plus l&rsquo;interrupteur lat\u00e9ral, la compatibilit\u00e9 avec le Li-ion 18650 ainsi que le CR123A r\u00e9sistant au froid rendent le FD41 id\u00e9al pour la recherche, le camping et de la photographie en ext\u00e9rieur. Caract\u00e9ristiques \u00b7 Utilise la LED Cree XP-L HI avec une dur\u00e9e de vie de 50 000 heures \u00b7 Aliment\u00e9 par une [&hellip;]<\/p>\n","protected":false},"featured_media":3528,"template":"","meta":[],"product_cat":[82],"product_tag":[],"_links":{"self":[{"href":"https:\/\/archeriegossart.fr\/index.php\/wp-json\/wp\/v3\/product\/3533"}],"collection":[{"href":"https:\/\/archeriegossart.fr\/index.php\/wp-json\/wp\/v3\/product"}],"about":[{"href":"https:\/\/archeriegossart.fr\/index.php\/wp-json\/wp\/v2\/types\/product"}],"wp:featuredmedia":[{"embeddable":true,"href":"https:\/\/archeriegossart.fr\/index.php\/wp-json\/wp\/v2\/media\/3528"}],"wp:attachment":[{"href":"https:\/\/archeriegossart.fr\/index.php\/wp-json\/wp\/v2\/media?parent=3533"}],"wp:term":[{"taxonomy":"product_cat","embeddable":true,"href":"https:\/\/archeriegossart.fr\/index.php\/wp-json\/wp\/v2\/product_cat?post=3533"},{"taxonomy":"product_tag","embeddable":true,"href":"https:\/\/archeriegossart.fr\/index.php\/wp-json\/wp\/v2\/product_tag?post=3533"}],"curies":[{"name":"wp","href":"https:\/\/api.w.org\/{rel}","templated":true}]}}