{"id":37,"date":"2017-02-07T09:29:10","date_gmt":"2017-02-07T08:29:10","guid":{"rendered":"http:\/\/archeriegossart.fr\/?post_type=product&#038;p=37"},"modified":"2025-07-15T17:35:41","modified_gmt":"2025-07-15T15:35:41","slug":"mirage-old-tradition-luxe","status":"publish","type":"product","link":"https:\/\/archeriegossart.fr\/index.php\/produit\/mirage-old-tradition-luxe\/","title":{"rendered":"Arc recurve Mirage Old Tradition \u00ab\u00a0Luxe\u00a0\u00bb"},"content":{"rendered":"<p>Mirage Old Tradition \u00ab\u00a0Luxe\u00a0\u00bb.<\/p>\n<p>Le Mirage est un recurve monobloc de 58\u00a0\u00bb id\u00e9al pour la chasse et le tir 3D.<\/p>\n<p>Finition luxe avec branches \u00ab\u00a0fa\u00e7on\u00a0\u00bb loupe d&rsquo;orme et poign\u00e9e en amazakou\u00e9 et zebrawood.<\/p>\n<p>Souple et rapide gr\u00e2ce \u00e0 sa structure en fibres Gordon USA, le Mirage est pr\u00e9vu pour l&rsquo;utilisation de cordages en FastFlite.<\/p>\n<p><span style=\"font-family: Calibri;\">Livr\u00e9 avec corde traditionnelle Flamande en fast flight.<\/span><\/p>\n<p>Existe en droitier ou gaucher de 35# \u00e0 55#.<\/p>\n","protected":false},"excerpt":{"rendered":"<p>Mirage Old Tradition \u00ab\u00a0Luxe\u00a0\u00bb.<\/p>\n<p>Le Mirage est un recurve monobloc de 58\u00a0\u00bb id\u00e9al pour la chasse et le tir 3D.<\/p>\n<p>Finition luxe avec branches \u00ab\u00a0fa\u00e7on\u00a0\u00bb loupe d&rsquo;orme et poign\u00e9e en amazakou\u00e9 et zebrawood.<\/p>\n<p>Souple et rapide gr\u00e2ce \u00e0 sa structure en fibres Gordon USA, le Mirage est pr\u00e9vu pour l&rsquo;utilisation de cordages en FastFlite.<\/p>\n<p>Livr\u00e9 avec corde traditionnelle en FastFlite.<\/p>\n<p>Existe en droitier ou gaucher de 35# \u00e0 55#.<\/p>\n","protected":false},"featured_media":25,"template":"","meta":[],"product_cat":[34],"product_tag":[],"_links":{"self":[{"href":"https:\/\/archeriegossart.fr\/index.php\/wp-json\/wp\/v3\/product\/37"}],"collection":[{"href":"https:\/\/archeriegossart.fr\/index.php\/wp-json\/wp\/v3\/product"}],"about":[{"href":"https:\/\/archeriegossart.fr\/index.php\/wp-json\/wp\/v2\/types\/product"}],"wp:featuredmedia":[{"embeddable":true,"href":"https:\/\/archeriegossart.fr\/index.php\/wp-json\/wp\/v2\/media\/25"}],"wp:attachment":[{"href":"https:\/\/archeriegossart.fr\/index.php\/wp-json\/wp\/v2\/media?parent=37"}],"wp:term":[{"taxonomy":"product_cat","embeddable":true,"href":"https:\/\/archeriegossart.fr\/index.php\/wp-json\/wp\/v2\/product_cat?post=37"},{"taxonomy":"product_tag","embeddable":true,"href":"https:\/\/archeriegossart.fr\/index.php\/wp-json\/wp\/v2\/product_tag?post=37"}],"curies":[{"name":"wp","href":"https:\/\/api.w.org\/{rel}","templated":true}]}}