{"id":3938,"date":"2017-12-23T11:03:22","date_gmt":"2017-12-23T10:03:22","guid":{"rendered":"https:\/\/archeriegossart.fr\/?post_type=product&#038;p=3938"},"modified":"2024-12-18T09:56:01","modified_gmt":"2024-12-18T08:56:01","slug":"pistolet-co2-umarex-walther-cp99-cal-4-5","status":"publish","type":"product","link":"https:\/\/archeriegossart.fr\/index.php\/produit\/pistolet-co2-umarex-walther-cp99-cal-4-5\/","title":{"rendered":"PISTOLET WALTHER CP99 UMAREX CO2 CAL 4.5"},"content":{"rendered":"<p><span style=\"color: #0000ff;\"><strong>R\u00e9glementation en vigueur :<\/strong><\/span><br \/>\n<span style=\"color: #0000ff;\"><strong>Les pistolets et revolver air comprim\u00e9 et co2 sont consid\u00e9r\u00e9s l\u00e9galement comme des armes de cat\u00e9gorie Dh. <\/strong><\/span><br \/>\n<span style=\"color: #0000ff;\"><strong>ils sont donc en vente libre, mais il vous faudra \u00eatre majeur pour en faire l\u2019acquisition.<\/strong><\/span><br \/>\n<span style=\"color: #0000ff;\"><strong>Sachez \u00e9galement qu\u2019il est absolument interdit d\u2019exposer un pistolet dans l\u2019espace public<\/strong><\/span><br \/>\n<span style=\"color: #0000ff;\"><strong>Pour l\u2019achat une pi\u00e8ce d\u2019identit\u00e9 doit nous \u00eatre envoy\u00e9 en format PDF, avec nos remerciements.<\/strong><\/span><\/p>\n<p><strong>WALTHER CP 99<\/strong><\/p>\n<p>Pistolet \u00e0 plombs<br \/>\nCal.4,5mm, Barillet interne 8 coups, munitions plombs \u00e0 jupe, capsule Co\u00b2 12G Standard, Canon 3&Prime; \u00bd .<br \/>\nFinition acier bronz\u00e9<\/p>\n<p>-Vitesse \u00e0 la bouche : 110 m\/s<\/p>\n<p>-Pistolet \u00e0 air multi-coups<br \/>\n-Poign\u00e9e sport<br \/>\n-Canon ray\u00e9 acier 3 \u00bd pouces<br \/>\n-Hausse r\u00e9glable<br \/>\n-S\u00fbret\u00e9 de d\u00e9tente<br \/>\n-Mallette de transport<br \/>\n-Longueur totale : 18 cm<br \/>\n-Puissance : 3.03 joules<\/p>\n","protected":false},"excerpt":{"rendered":"<p>R\u00e9glementation en vigueur : Les pistolets et revolver air comprim\u00e9 et co2 sont consid\u00e9r\u00e9s l\u00e9galement comme des armes de cat\u00e9gorie Dh. ils sont donc en vente libre, mais il vous faudra \u00eatre majeur pour en faire l\u2019acquisition. Sachez \u00e9galement qu\u2019il est absolument interdit d\u2019exposer un pistolet dans l\u2019espace public Pour l\u2019achat une pi\u00e8ce d\u2019identit\u00e9 doit [&hellip;]<\/p>\n","protected":false},"featured_media":3939,"template":"","meta":[],"product_cat":[46],"product_tag":[],"_links":{"self":[{"href":"https:\/\/archeriegossart.fr\/index.php\/wp-json\/wp\/v3\/product\/3938"}],"collection":[{"href":"https:\/\/archeriegossart.fr\/index.php\/wp-json\/wp\/v3\/product"}],"about":[{"href":"https:\/\/archeriegossart.fr\/index.php\/wp-json\/wp\/v2\/types\/product"}],"wp:featuredmedia":[{"embeddable":true,"href":"https:\/\/archeriegossart.fr\/index.php\/wp-json\/wp\/v2\/media\/3939"}],"wp:attachment":[{"href":"https:\/\/archeriegossart.fr\/index.php\/wp-json\/wp\/v2\/media?parent=3938"}],"wp:term":[{"taxonomy":"product_cat","embeddable":true,"href":"https:\/\/archeriegossart.fr\/index.php\/wp-json\/wp\/v2\/product_cat?post=3938"},{"taxonomy":"product_tag","embeddable":true,"href":"https:\/\/archeriegossart.fr\/index.php\/wp-json\/wp\/v2\/product_tag?post=3938"}],"curies":[{"name":"wp","href":"https:\/\/api.w.org\/{rel}","templated":true}]}}