{"id":398,"date":"2017-03-01T12:37:10","date_gmt":"2017-03-01T11:37:10","guid":{"rendered":"http:\/\/archeriegossart.fr\/?post_type=product&#038;p=398"},"modified":"2024-12-18T10:51:45","modified_gmt":"2024-12-18T09:51:45","slug":"carabine-gamo-delta-fox-gt-synthetique-cal-45-652j","status":"publish","type":"product","link":"https:\/\/archeriegossart.fr\/index.php\/produit\/carabine-gamo-delta-fox-gt-synthetique-cal-45-652j\/","title":{"rendered":"Carabine Gamo DELTA FOX GT RING JAUNE Synth\u00e9tique &#8211; cal.4,5 &#8211; 7,50J"},"content":{"rendered":"<table class=\"det_prod\" border=\"0\">\n<tbody>\n<tr>\n<th>R\u00e9f\u00e9rence<\/th>\n<th title=\"Calibre\">Calibre<\/th>\n<th title=\"\u00c9nergie (en Joules)\">\u00c9nergie (J)<\/th>\n<th title=\"Vitesse (en m\/s)\">Vitesse (m\/s)<\/th>\n<th title=\"Longueur (en cm)\">Longueur (cm)<\/th>\n<th title=\"Poids (en g)\">Poids (g)<\/th>\n<th><\/th>\n<\/tr>\n<tr>\n<td title=\"\">G1135<\/td>\n<td title=\"4.5\">4.5<\/td>\n<td title=\"6.52\">6.52<\/td>\n<td title=\"160\">160<\/td>\n<td title=\"100\">100<\/td>\n<td title=\"2200\">2200<\/td>\n<td><\/td>\n<\/tr>\n<\/tbody>\n<\/table>\n<p><strong><span style=\"color: #0000ff;\">R\u00e9glementation en vigueur :<\/span><\/strong><br \/>\n<strong><span style=\"color: #0000ff;\">Les Carabines air comprim\u00e9 de puissance de 19.9 joules maximum sont consid\u00e9r\u00e9es l\u00e9galement comme des armes de cat\u00e9gorie Dh. <\/span><\/strong><br \/>\n<strong><span style=\"color: #0000ff;\">elles sont donc en vente libre, mais il vous faudra \u00eatre majeur pour en faire l\u2019acquisition.<\/span><\/strong><br \/>\n<strong><span style=\"color: #0000ff;\">Pour l\u2019achat une pi\u00e8ce d\u2019identit\u00e9 doit nous \u00eatre envoy\u00e9 en format PDF, avec nos remerciements.<\/span><\/strong><\/p>\n<p>Carabine \u00e0 air comprim\u00e9 mono coup<br \/>\n&#8211; canon acier fl\u00fbt\u00e9<br \/>\n&#8211; Calibre 4.5mm<br \/>\n&#8211; Vitesse : 175 m\/s<br \/>\nVis\u00e9e ouverte r\u00e9glable en d\u00e9rive et en \u00e9l\u00e9vation.<br \/>\n-Longueur totale : 94 cm<br \/>\n-poids 2200 g<br \/>\n-Puissance : 7.7 joules<\/p>\n","protected":false},"excerpt":{"rendered":"<p>R\u00e9f\u00e9rence Calibre \u00c9nergie (J) Vitesse (m\/s) Longueur (cm) Poids (g) G1135 4.5 6.52 160 100 2200 R\u00e9glementation en vigueur : Les Carabines air comprim\u00e9 de puissance de 19.9 joules maximum sont consid\u00e9r\u00e9es l\u00e9galement comme des armes de cat\u00e9gorie Dh. elles sont donc en vente libre, mais il vous faudra \u00eatre majeur pour en faire l\u2019acquisition. [&hellip;]<\/p>\n","protected":false},"featured_media":6523,"template":"","meta":[],"product_cat":[44],"product_tag":[],"_links":{"self":[{"href":"https:\/\/archeriegossart.fr\/index.php\/wp-json\/wp\/v3\/product\/398"}],"collection":[{"href":"https:\/\/archeriegossart.fr\/index.php\/wp-json\/wp\/v3\/product"}],"about":[{"href":"https:\/\/archeriegossart.fr\/index.php\/wp-json\/wp\/v2\/types\/product"}],"wp:featuredmedia":[{"embeddable":true,"href":"https:\/\/archeriegossart.fr\/index.php\/wp-json\/wp\/v2\/media\/6523"}],"wp:attachment":[{"href":"https:\/\/archeriegossart.fr\/index.php\/wp-json\/wp\/v2\/media?parent=398"}],"wp:term":[{"taxonomy":"product_cat","embeddable":true,"href":"https:\/\/archeriegossart.fr\/index.php\/wp-json\/wp\/v2\/product_cat?post=398"},{"taxonomy":"product_tag","embeddable":true,"href":"https:\/\/archeriegossart.fr\/index.php\/wp-json\/wp\/v2\/product_tag?post=398"}],"curies":[{"name":"wp","href":"https:\/\/api.w.org\/{rel}","templated":true}]}}