{"id":4524,"date":"2018-06-28T12:04:32","date_gmt":"2018-06-28T10:04:32","guid":{"rendered":"https:\/\/archeriegossart.fr\/?post_type=product&#038;p=4524"},"modified":"2018-10-27T14:44:18","modified_gmt":"2018-10-27T12:44:18","slug":"viseur-pour-arc-garmin-xero-a1-droitier","status":"publish","type":"product","link":"https:\/\/archeriegossart.fr\/index.php\/produit\/viseur-pour-arc-garmin-xero-a1-droitier\/","title":{"rendered":"VISEUR POUR ARC GARMIN XERO A1 &#8211; DROITIER OU GAUCHER"},"content":{"rendered":"<p><strong>Viseur pour arc Garmin Xero A1 &#8211; Droitier<\/strong><br \/>\nViseur pour arc avec mesure automatique de la distance et points de vis\u00e9e LED.<\/p>\n<p><strong>Vue d\u2019ensemble<\/strong><br \/>\nPoints de vis\u00e9e dynamique sans points de vis\u00e9e physiques<br \/>\nViseur pour arc avec mesure automatique de la distance jusqu&rsquo;\u00e0 votre cible et affiche un point de vis\u00e9e LED dynamique pour vous aider \u00e0 tirer<br \/>\nLes points de vis\u00e9e LED vous permettent de voir votre cible clairement, sans obstruer votre vision<br \/>\nLa g\u00e2chette silencieuse facile \u00e0 utiliser qui vous permet de viser aussi bien en position de repos qu&rsquo;une fois l&rsquo;arc band\u00e9, jusqu&rsquo;\u00e0 90 m sur du gibier et jusqu&rsquo;\u00e0 270 m sur des cibles r\u00e9fl\u00e9chissantes<br \/>\nPlusieurs configurations personnalisables des points de vis\u00e9e (un ou plusieurs) ou s\u00e9lection manuelle des points de vis\u00e9e<br \/>\nAutonomie de la batterie d&rsquo;un an avec 2 piles lithium AAA (non incluses)<\/p>\n<p><strong>Pour une vis\u00e9e et un tir pr\u00e9cis<\/strong><br \/>\nLes viseurs pour arc Xero vous indiquent la distance de votre cible pour que vous puissiez tirer pr\u00e9cis\u00e9ment, sans manipulations inutiles. Il s&rsquo;agit de la premi\u00e8re gamme de viseurs avec t\u00e9l\u00e9m\u00e8tre laser pour arc, dot\u00e9e de la technologie de compensation de port\u00e9e angulaire et de points de vis\u00e9e LED qui vous indiquent m\u00eame les distances entre deux points. La luminosit\u00e9 des points de vis\u00e9e LED s&rsquo;ajuste automatiquement en fonction de la luminosit\u00e9 ambiante, ce qui vous permet de voir clairement votre cible, sans que votre vision soit obstru\u00e9e. La g\u00e2chette vous permet de viser aussi bien en position de repos qu&rsquo;une fois l&rsquo;arc band\u00e9, jusqu&rsquo;\u00e0 90 m sur du gibier\u00b9 et jusqu&rsquo;\u00e0 270 m sur des cibles r\u00e9fl\u00e9chissantes. Avec les appareils Xero A1, vous pouvez choisir entre une configuration \u00e0 un ou plusieurs points de vis\u00e9e ou s\u00e9lectionner manuellement vos points.<\/p>\n<p><strong>Appareil tout-en-un<\/strong><br \/>\nLes viseurs pour arc Xero s&rsquo;installent directement sur votre arc et, gr\u00e2ce \u00e0 leur t\u00e9l\u00e9m\u00e8tre laser haute pr\u00e9cision, ils vous indiquent le point de vis\u00e9e LED \u00e0 suivre pour effectuer un tir parfait. Pas besoin de vous encombrer d&rsquo;un t\u00e9l\u00e9m\u00e8tre suppl\u00e9mentaire ni de deviner quel pins suivre.<\/p>\n<p><strong>T\u00e9l\u00e9m\u00e8tre laser<\/strong><br \/>\nFini les estimations approximatives de la distance entre les pins. Gr\u00e2ce \u00e0 la technologie de compensation de port\u00e9e angulaire, les viseurs pour arc Xero A1 vous fournissent la distance pr\u00e9cise du gibier jusqu&rsquo;\u00e0 90 m ou des cibles r\u00e9fl\u00e9chissantes jusqu&rsquo;\u00e0 270 m, au repos ou une fois l&rsquo;arc band\u00e9.<\/p>\n<p><strong>Points de vis\u00e9e LED<\/strong><br \/>\nAvec des points de vis\u00e9e LED, vous pouvez clairement voir votre cible, sans que votre vision soit obstru\u00e9e. L&rsquo;appareil Xero A1 est dot\u00e9 de LED rouges.<\/p>\n<p><strong>G\u00e2chette silencieuse<\/strong><br \/>\nQuand vous chassez, il est important de rester discret et de bouger le moins possible. Les viseurs pour arc Xero vous permettent d&rsquo;\u00e9viter les mouvements inutiles, au repos comme lorsque vous bandez votre arc. Vous pouvez choisir l&#8217;emplacement le plus pratique pour installer la g\u00e2chette. Ainsi, vous n&rsquo;aurez besoin que d&rsquo;un seul doigt pour allumer discr\u00e8tement le t\u00e9l\u00e9m\u00e8tre laser et conna\u00eetre instantan\u00e9ment la distance et le point \u00e0 viser pour votre tir.<\/p>\n<p><strong>Points de vis\u00e9e personnalisables<\/strong><br \/>\nVotre viseur pour arc Xero pour arc vous permet de choisir entre une configuration \u00e0 un ou \u00e0 plusieurs points de vis\u00e9e, ou de choisir manuellement les points de vis\u00e9e pour vos distances favorites. Vous pouvez facilement basculer entre les modes \u00e0 point fixe et \u00e0 point dynamique.<\/p>\n<p><strong>Caract\u00e9ristiques<\/strong><br \/>\n<strong>G\u00e9n\u00e9ral<\/strong><br \/>\nDimensions physiques<br \/>\n100,3 x 79,4 x 97,1 mm<br \/>\nPoids<br \/>\n418 g<br \/>\nIndice de r\u00e9sistance \u00e0 l&rsquo;eau<br \/>\nIPX7<br \/>\nBatterie<br \/>\nDeux piles lithium AAA (non incluses)<br \/>\nType d&rsquo;affichage<br \/>\nAntireflet, MIP transflectif<br \/>\nFormat d&rsquo;affichage (largeur par hauteur)<br \/>\n(L x H) 2,5 x 1,1 cm (1,00 x 0,42\u2019\u2019) ; 5 cm (2,0 \u2019\u2019) de diagonale<br \/>\nD\u00e9finition d&rsquo;\u00e9cran (largeur par hauteur)<br \/>\n160 x 68 pixels<br \/>\nAutonomie de la batterie<br \/>\nJusqu&rsquo;\u00e0 un an<br \/>\nInterface PC<br \/>\nUSB<br \/>\nAutres<br \/>\nEn plus<br \/>\nPoints de vis\u00e9e LED : une couleur (rouge)<br \/>\nPort\u00e9e : 90 m pour du gibier et 270 m pour une cible r\u00e9fl\u00e9chissante<br \/>\nG\u00e2chette silencieuse<br \/>\nPoints de vis\u00e9e fixes personnalisables<br \/>\nCompteur de tirs<br \/>\nDans la boite<br \/>\nViseur pour arc Xero A1 (pour droitier ou gaucher selon la version s\u00e9lectionn\u00e9e)<br \/>\nSupport<br \/>\nDeux vis<br \/>\nHousse de protection<br \/>\nBande antid\u00e9rapante<br \/>\nC\u00e2ble microUSB<br \/>\nManuel<\/p>\n","protected":false},"excerpt":{"rendered":"<p>Viseur pour arc Garmin Xero A1 &#8211; Droitier Viseur pour arc avec mesure automatique de la distance et points de vis\u00e9e LED. Vue d\u2019ensemble Points de vis\u00e9e dynamique sans points de vis\u00e9e physiques Viseur pour arc avec mesure automatique de la distance jusqu&rsquo;\u00e0 votre cible et affiche un point de vis\u00e9e LED dynamique pour vous [&hellip;]<\/p>\n","protected":false},"featured_media":4520,"template":"","meta":[],"product_cat":[11],"product_tag":[],"_links":{"self":[{"href":"https:\/\/archeriegossart.fr\/index.php\/wp-json\/wp\/v3\/product\/4524"}],"collection":[{"href":"https:\/\/archeriegossart.fr\/index.php\/wp-json\/wp\/v3\/product"}],"about":[{"href":"https:\/\/archeriegossart.fr\/index.php\/wp-json\/wp\/v2\/types\/product"}],"wp:featuredmedia":[{"embeddable":true,"href":"https:\/\/archeriegossart.fr\/index.php\/wp-json\/wp\/v2\/media\/4520"}],"wp:attachment":[{"href":"https:\/\/archeriegossart.fr\/index.php\/wp-json\/wp\/v2\/media?parent=4524"}],"wp:term":[{"taxonomy":"product_cat","embeddable":true,"href":"https:\/\/archeriegossart.fr\/index.php\/wp-json\/wp\/v2\/product_cat?post=4524"},{"taxonomy":"product_tag","embeddable":true,"href":"https:\/\/archeriegossart.fr\/index.php\/wp-json\/wp\/v2\/product_tag?post=4524"}],"curies":[{"name":"wp","href":"https:\/\/api.w.org\/{rel}","templated":true}]}}