{"id":4606,"date":"2018-11-17T11:36:07","date_gmt":"2018-11-17T10:36:07","guid":{"rendered":"https:\/\/archeriegossart.fr\/?post_type=product&#038;p=4606"},"modified":"2024-12-12T18:51:38","modified_gmt":"2024-12-12T17:51:38","slug":"fleche-buck-trail-carbone-timber-6-2","status":"publish","type":"product","link":"https:\/\/archeriegossart.fr\/index.php\/produit\/fleche-buck-trail-carbone-timber-6-2\/","title":{"rendered":"FLECHES SKYLON CARBONE BENTWOOD DI 6.2 33&Prime; FEATHER 4&Prime;"},"content":{"rendered":"<p>Fl\u00e8che Skylon Bentwood en carbone imitation bois avec plumes naturelles 4&Prime;<br \/>\nCouleur des plumes et de l&rsquo;encoche suivant les arrivages &#8230;<br \/>\nLivr\u00e9e avec insert RPS non coll\u00e9<\/p>\n<p><strong>Attention les pointes ne sont pas livr\u00e9es avec les fl\u00e8ches, n&rsquo;oubliez pas de les ajouter \u00e0 votre commande.<\/strong><\/p>\n<p>Pointe d&rsquo;entrainement compatible : Pointe a vis 5\/16 RPS<\/p>\n<p>Description d\u00e9taill\u00e9e<br \/>\nLa fl\u00e8che carbone Bentwood est suffisamment robuste pour faire vos d\u00e9buts \u00e0 l&rsquo;arc traditionnel en loisir et en 3D. Son diam\u00e8tre de 6,2 mm la rend compatible avec les encoches et les inserts au standard courant \u00ab\u00a0S\u00a0\u00bb.<br \/>\nNous proposons cette fl\u00e8che mont\u00e9e avec des plumes 4 pouces naturelles 4 pouces paraboliques.<\/p>\n<p>Diam\u00e8tre 6,,2<br \/>\nEncoche et insert au standard S<br \/>\nFilm couleur bois<br \/>\nPropos\u00e9e en spine : 800, 700, 600, 500, &amp; 400<\/p>\n","protected":false},"excerpt":{"rendered":"<p>Fl\u00e8che Skylon Bentwood en carbone imitation bois avec plumes naturelles 4&Prime; Couleur des plumes et de l&rsquo;encoche suivant les arrivages &#8230; Livr\u00e9e avec insert RPS non coll\u00e9 Attention les pointes ne sont pas livr\u00e9es avec les fl\u00e8ches, n&rsquo;oubliez pas de les ajouter \u00e0 votre commande. Pointe d&rsquo;entrainement compatible : Pointe a vis 5\/16 RPS Description [&hellip;]<\/p>\n","protected":false},"featured_media":5994,"template":"","meta":[],"product_cat":[90],"product_tag":[],"_links":{"self":[{"href":"https:\/\/archeriegossart.fr\/index.php\/wp-json\/wp\/v3\/product\/4606"}],"collection":[{"href":"https:\/\/archeriegossart.fr\/index.php\/wp-json\/wp\/v3\/product"}],"about":[{"href":"https:\/\/archeriegossart.fr\/index.php\/wp-json\/wp\/v2\/types\/product"}],"wp:featuredmedia":[{"embeddable":true,"href":"https:\/\/archeriegossart.fr\/index.php\/wp-json\/wp\/v2\/media\/5994"}],"wp:attachment":[{"href":"https:\/\/archeriegossart.fr\/index.php\/wp-json\/wp\/v2\/media?parent=4606"}],"wp:term":[{"taxonomy":"product_cat","embeddable":true,"href":"https:\/\/archeriegossart.fr\/index.php\/wp-json\/wp\/v2\/product_cat?post=4606"},{"taxonomy":"product_tag","embeddable":true,"href":"https:\/\/archeriegossart.fr\/index.php\/wp-json\/wp\/v2\/product_tag?post=4606"}],"curies":[{"name":"wp","href":"https:\/\/api.w.org\/{rel}","templated":true}]}}