{"id":4791,"date":"2018-12-06T18:02:40","date_gmt":"2018-12-06T17:02:40","guid":{"rendered":"https:\/\/archeriegossart.fr\/?post_type=product&#038;p=4791"},"modified":"2018-12-09T10:53:55","modified_gmt":"2018-12-09T09:53:55","slug":"casque-antibruit-viking-v3-multipositions-bilsom","status":"publish","type":"product","link":"https:\/\/archeriegossart.fr\/index.php\/produit\/casque-antibruit-viking-v3-multipositions-bilsom\/","title":{"rendered":"Casque antibruit Viking V3 multipositions &#8211; Bilsom"},"content":{"rendered":"<p>Valeur d\u2019att\u00e9nuation : SNR 32 db \/ H = 33 db \/ M = 30 db \/ L = 24 db.<br \/>\nLe casque antibruit cr\u00e9\u00e9 pour la protection et le confort des tireurs et chasseurs !<br \/>\nSerre-t\u00eate multi-positions permettant au chasseur ou au tireur de choisir un positionnement au-dessus de la t\u00eate, derri\u00e8re la nuque ou sous le menton. La technologie brevet\u00e9e Air Flow Control\u2122 offre une att\u00e9nuation optimale de toutes les fr\u00e9quences sans augmenter la taille ou le poids des coquilles. Bandeau interne ventil\u00e9 r\u00e9duisant la pression sur la t\u00eate et garantissant une bonne a\u00e9ration dans les climats chauds \/humides. Coussinets \u00e0 crans pour un remplacement facile et rapide. Comprend un bandeau \u00e9lastique pour garantir un meilleur positionnement derri\u00e8re la nuque ou sous le menton.<br \/>\nConforme aux normes CE, certification ISO 9001.<br \/>\nPoids : 248 g.<br \/>\nCycle de vie<br \/>\nLes coussinets doivent \u00eatre remplac\u00e9s p\u00e9riodiquement pour maintenir une absorption maximum. Suivre les instructions pour le remplacement des coussinets et de la mousse interne. Usage et port g\u00e9n\u00e9ral &#8211; Les coussinets et les mousses internes devraient \u00eatre remplac\u00e9s au moins tous les 6 mois. S&rsquo;ils sont utilis\u00e9s et port\u00e9s fr\u00e9quemment sous un climat humide et s\u00e9v\u00e8re &#8211; les coussinets et les mousses internes devraient \u00eatre remplac\u00e9s au moins tous les 3 mois. En cas de fissure et fuite visibles &#8211; remplacer imm\u00e9diatement les coussinets et les mousses internes.<br \/>\nInformation de stockage<br \/>\nApr\u00e8s leur utilisation, ranger les casques dans une bo\u00eete ou un casier sec et propre. Ne pas employer de solvants ou des produits \u00e0 base de p\u00e9trole. Ne pas plonger les casques dans l&rsquo;eau.<br \/>\nInstructions d\u2019entretien<br \/>\nLes casques constituent un dispositif tr\u00e8s important pour la s\u00e9curit\u00e9 et devraient \u00eatre contr\u00f4l\u00e9s r\u00e9guli\u00e8rement. Leur efficacit\u00e9 d\u00e9pend de l&rsquo;utilisation, du soin et de l&rsquo;entretien. Les casques, et en particulier les coussinets, peuvent se d\u00e9t\u00e9riorer avec l\u2019usage et devraient \u00eatre examin\u00e9s fr\u00e9quemment pour contr\u00f4ler les fissures et les fuites. Lorsque les coussinets deviennent durs, sont endommag\u00e9s ou d\u00e9t\u00e9rior\u00e9s, il est n\u00e9cessaire de les remplacer imm\u00e9diatement en utilisant les kits d&rsquo;hygi\u00e8ne. Les casques doivent \u00eatre r\u00e9guli\u00e8rement nettoy\u00e9s. Employer une solution d\u00e9sinfectante douce. Un chiffon doux suffit.<\/p>\n","protected":false},"excerpt":{"rendered":"<p>Valeur d\u2019att\u00e9nuation : SNR 32 db \/ H = 33 db \/ M = 30 db \/ L = 24 db. Le casque antibruit cr\u00e9\u00e9 pour la protection et le confort des tireurs et chasseurs ! Serre-t\u00eate multi-positions permettant au chasseur ou au tireur de choisir un positionnement au-dessus de la t\u00eate, derri\u00e8re la nuque [&hellip;]<\/p>\n","protected":false},"featured_media":4793,"template":"","meta":[],"product_cat":[512],"product_tag":[],"_links":{"self":[{"href":"https:\/\/archeriegossart.fr\/index.php\/wp-json\/wp\/v3\/product\/4791"}],"collection":[{"href":"https:\/\/archeriegossart.fr\/index.php\/wp-json\/wp\/v3\/product"}],"about":[{"href":"https:\/\/archeriegossart.fr\/index.php\/wp-json\/wp\/v2\/types\/product"}],"wp:featuredmedia":[{"embeddable":true,"href":"https:\/\/archeriegossart.fr\/index.php\/wp-json\/wp\/v2\/media\/4793"}],"wp:attachment":[{"href":"https:\/\/archeriegossart.fr\/index.php\/wp-json\/wp\/v2\/media?parent=4791"}],"wp:term":[{"taxonomy":"product_cat","embeddable":true,"href":"https:\/\/archeriegossart.fr\/index.php\/wp-json\/wp\/v2\/product_cat?post=4791"},{"taxonomy":"product_tag","embeddable":true,"href":"https:\/\/archeriegossart.fr\/index.php\/wp-json\/wp\/v2\/product_tag?post=4791"}],"curies":[{"name":"wp","href":"https:\/\/api.w.org\/{rel}","templated":true}]}}