{"id":4794,"date":"2018-12-06T18:06:52","date_gmt":"2018-12-06T17:06:52","guid":{"rendered":"https:\/\/archeriegossart.fr\/?post_type=product&#038;p=4794"},"modified":"2018-12-09T10:53:30","modified_gmt":"2018-12-09T09:53:30","slug":"casque-antibruit-pliable-leightning-l0f-bilsom","status":"publish","type":"product","link":"https:\/\/archeriegossart.fr\/index.php\/produit\/casque-antibruit-pliable-leightning-l0f-bilsom\/","title":{"rendered":"Casque antibruit pliable Leightning L0F &#8211; Bilsom"},"content":{"rendered":"<p>Valeur d&rsquo;att\u00e9nuation SNR : 25 db \/ H = 27 db \/ M = 21 db \/ L = 17 db<br \/>\nTECHNOLOGIE AIR FLOW CONTROL\u2122 La technologie Bilsom brevet\u00e9e Air Flow Control offre une att\u00e9nuation optimale de toutes les fr\u00e9quences sans augmenter la taille ou le poids des coquilles. La chambre d\u2019air brevet\u00e9e du coussinet et le rev\u00eatement de haute technologie non-tiss\u00e9s g\u00e8rent le flux d\u2019air \u00e0 l\u2019int\u00e9rieur du coussinet pour contr\u00f4ler la mani\u00e8re dont le son arrive \u00e0 l\u2019oreille. Il en r\u00e9sulte ainsi une att\u00e9nuation meilleure et plus r\u00e9guli\u00e8re de presque tous les bruits des environnements sonores de la chasse et du tir. Confortable en cas d\u2019usage prolong\u00e9, pression minimale sur la t\u00eate.<br \/>\nSur un stand de tir ou \u00e0 la chasse o\u00f9 il est n\u00e9cessaire de se prot\u00e9ger du bruit, la s\u00e9rie Bilsom Leightning avec sa structure en acier, offre d&rsquo;excellentes performances et une protection \u00e0 long terme.<br \/>\nConforme aux normes CE, certification ISO 9001.<br \/>\nPoids : 172 g<br \/>\nCycle de vie<br \/>\nLes coussinets doivent \u00eatre chang\u00e9s p\u00e9riodiquement pour maintenir une absorption maximum. Suivre les instructions pour le remplacement des coussinets et de la mousse interne. Usage et port g\u00e9n\u00e9ral &#8211; Les coussinets et les mousses internes devraient \u00eatre remplac\u00e9s au moins tous les 6 mois. S&rsquo;ils sont utilis\u00e9s et port\u00e9s fr\u00e9quemment sous un climat humide et s\u00e9v\u00e8re &#8211; Les coussinets et les mousses internes devraient \u00eatre remplac\u00e9s au moins tous les 3 mois. En cas de fissure et de fuite visibles. &#8211; remplacer imm\u00e9diatement les coussinets et les mousses internes.<br \/>\nInformation de stockage<br \/>\nApr\u00e8s leur utilisation, ranger les casques dans une bo\u00eete ou un casier sec et propre. Ne pas employer de solvants ou des produits \u00e0 base de p\u00e9trole. Ne pas plonger les casques dans l&rsquo;eau.<br \/>\nInstructions d\u2019entretien<br \/>\nLes casques constituent un dispositif important pour la s\u00e9curit\u00e9 et devraient \u00eatre contr\u00f4l\u00e9s r\u00e9guli\u00e8rement. Leur efficacit\u00e9 d\u00e9pend de l&rsquo;utilisation, du soin et de l&rsquo;entretien. Les casques, et en particulier les coussinets, peuvent se d\u00e9t\u00e9riorer avec l&rsquo;usage et devraient \u00eatre examin\u00e9s fr\u00e9quemment pour contr\u00f4ler les fissures ou les pertes. Lorsque les coussinets deviennent durs, sont endommag\u00e9s ou d\u00e9t\u00e9rior\u00e9s, il est n\u00e9cessaire de les remplacer imm\u00e9diatement en utilisant les kits d&rsquo;hygi\u00e8ne fournis. Les casques doivent \u00eatre r\u00e9guli\u00e8rement nettoy\u00e9s. Employer une solution d\u00e9sinfectante douce. Un chiffon doux suffit.<\/p>\n","protected":false},"excerpt":{"rendered":"<p>Valeur d&rsquo;att\u00e9nuation SNR : 25 db \/ H = 27 db \/ M = 21 db \/ L = 17 db TECHNOLOGIE AIR FLOW CONTROL\u2122 La technologie Bilsom brevet\u00e9e Air Flow Control offre une att\u00e9nuation optimale de toutes les fr\u00e9quences sans augmenter la taille ou le poids des coquilles. La chambre d\u2019air brevet\u00e9e du coussinet [&hellip;]<\/p>\n","protected":false},"featured_media":4796,"template":"","meta":[],"product_cat":[512],"product_tag":[],"_links":{"self":[{"href":"https:\/\/archeriegossart.fr\/index.php\/wp-json\/wp\/v3\/product\/4794"}],"collection":[{"href":"https:\/\/archeriegossart.fr\/index.php\/wp-json\/wp\/v3\/product"}],"about":[{"href":"https:\/\/archeriegossart.fr\/index.php\/wp-json\/wp\/v2\/types\/product"}],"wp:featuredmedia":[{"embeddable":true,"href":"https:\/\/archeriegossart.fr\/index.php\/wp-json\/wp\/v2\/media\/4796"}],"wp:attachment":[{"href":"https:\/\/archeriegossart.fr\/index.php\/wp-json\/wp\/v2\/media?parent=4794"}],"wp:term":[{"taxonomy":"product_cat","embeddable":true,"href":"https:\/\/archeriegossart.fr\/index.php\/wp-json\/wp\/v2\/product_cat?post=4794"},{"taxonomy":"product_tag","embeddable":true,"href":"https:\/\/archeriegossart.fr\/index.php\/wp-json\/wp\/v2\/product_tag?post=4794"}],"curies":[{"name":"wp","href":"https:\/\/api.w.org\/{rel}","templated":true}]}}