{"id":485,"date":"2017-03-02T09:56:16","date_gmt":"2017-03-02T08:56:16","guid":{"rendered":"http:\/\/archeriegossart.fr\/?post_type=product&#038;p=485"},"modified":"2024-12-18T09:45:21","modified_gmt":"2024-12-18T08:45:21","slug":"revolver-co2-pr776-cal-45-398-joules-co2","status":"publish","type":"product","link":"https:\/\/archeriegossart.fr\/index.php\/produit\/revolver-co2-pr776-cal-45-398-joules-co2\/","title":{"rendered":"R\u00e9volver CO2 PR776 &#8211; cal 4,5 &#8211; 3,98 joules &#8211; CO2"},"content":{"rendered":"<h4><span style=\"color: #0000ff;\">R\u00e9glementation en vigueur :<br \/>\nLes pistolets et revolver air comprim\u00e9 et co2 sont consid\u00e9r\u00e9s l\u00e9galement comme des armes de cat\u00e9gorie Dh.<br \/>\nils sont donc en vente libre, mais il vous faudra \u00eatre majeur pour en faire l\u2019acquisition.<br \/>\nSachez \u00e9galement qu\u2019il est absolument interdit d\u2019exposer un pistolet dans l\u2019espace public<br \/>\nPour l\u2019achat une pi\u00e8ce d\u2019identit\u00e9 doit nous \u00eatre envoy\u00e9 en format PDF, avec nos remerciements.<\/span><\/h4>\n<p>R\u00e9volver CO2 PR776 &#8211; cal 4,5 &#8211; 3,98 joules &#8211; CO2<\/p>\n<p>Ce r\u00e9volver CO\u00b2 de calibre 4,5 mm. d&rsquo;une puissance de 3,98 joules permet de tirer jusqu&rsquo;\u00e0 8 coups. Le barillet permet de mettre soit des plombs diabolo ou des BB\u2019s.<\/p>\n<p><strong>Caract\u00e9ristiques :<\/strong><\/p>\n<p>&#8211; Longueur : 19,5 cm.<\/p>\n<p>&#8211; Poids : 370 g.<\/p>\n<p>&#8211; Vitesse : 125 m\/s<\/p>\n","protected":false},"excerpt":{"rendered":"<p>R\u00e9glementation en vigueur : Les pistolets et revolver air comprim\u00e9 et co2 sont consid\u00e9r\u00e9s l\u00e9galement comme des armes de cat\u00e9gorie Dh. ils sont donc en vente libre, mais il vous faudra \u00eatre majeur pour en faire l\u2019acquisition. Sachez \u00e9galement qu\u2019il est absolument interdit d\u2019exposer un pistolet dans l\u2019espace public Pour l\u2019achat une pi\u00e8ce d\u2019identit\u00e9 doit [&hellip;]<\/p>\n","protected":false},"featured_media":486,"template":"","meta":[],"product_cat":[46],"product_tag":[],"_links":{"self":[{"href":"https:\/\/archeriegossart.fr\/index.php\/wp-json\/wp\/v3\/product\/485"}],"collection":[{"href":"https:\/\/archeriegossart.fr\/index.php\/wp-json\/wp\/v3\/product"}],"about":[{"href":"https:\/\/archeriegossart.fr\/index.php\/wp-json\/wp\/v2\/types\/product"}],"wp:featuredmedia":[{"embeddable":true,"href":"https:\/\/archeriegossart.fr\/index.php\/wp-json\/wp\/v2\/media\/486"}],"wp:attachment":[{"href":"https:\/\/archeriegossart.fr\/index.php\/wp-json\/wp\/v2\/media?parent=485"}],"wp:term":[{"taxonomy":"product_cat","embeddable":true,"href":"https:\/\/archeriegossart.fr\/index.php\/wp-json\/wp\/v2\/product_cat?post=485"},{"taxonomy":"product_tag","embeddable":true,"href":"https:\/\/archeriegossart.fr\/index.php\/wp-json\/wp\/v2\/product_tag?post=485"}],"curies":[{"name":"wp","href":"https:\/\/api.w.org\/{rel}","templated":true}]}}