{"id":5052,"date":"2018-12-15T10:05:26","date_gmt":"2018-12-15T09:05:26","guid":{"rendered":"https:\/\/archeriegossart.fr\/?post_type=product&#038;p=5052"},"modified":"2022-06-16T19:04:55","modified_gmt":"2022-06-16T17:04:55","slug":"viseurs-classique-de-cible-arc-systeme-as-sx10","status":"publish","type":"product","link":"https:\/\/archeriegossart.fr\/index.php\/produit\/viseurs-classique-de-cible-arc-systeme-as-sx10\/","title":{"rendered":"VISEURS CLASSIQUE DE CIBLE ARC SYSTEME AS SX10"},"content":{"rendered":"<p><strong>Viseur SX 10<\/strong><\/p>\n<p><strong>Le viseur SX 10 est un viseur utilisable en arc classique ou en arc \u00e0 poulies.<\/strong><\/p>\n<p>Valeur forte d&rsquo;Arc Syst\u00e8me, le SX10 est d\u00e9di\u00e9 \u00e0 l&rsquo;initiation et aux premi\u00e8res comp\u00e9titions.<br \/>\nViseur d&rsquo;entr\u00e9e de gamme, il poss\u00e8de d\u00e9j\u00e0 les qualit\u00e9s recherch\u00e9es par les plus exigeants : une manufacture r\u00e9sistante, une extension carbone de 9 pouces \u00e0 5 positions et un r\u00e9glage microm\u00e9trique au dixi\u00e8me.<br \/>\nIl accueille toutes les t\u00eates universelles Arc Syst\u00e8me, pour les arcs classiques et pour les arcs \u00e0 poulies.<br \/>\nLes kits couleurs anodis\u00e9s comprenant les molettes et la fixation de platine sont \u00e9galement disponibles d\u00e8s l&rsquo;achat ou s\u00e9par\u00e9ment pour associer vos couleurs pr\u00e9f\u00e9r\u00e9es \u00e0 votre arc !<br \/>\nNouveaut\u00e9 2016 !<br \/>\nLa gravure laser remplace l&rsquo;autocollant pour les graduations de glissi\u00e8re et de molettes, durabilit\u00e9 garantie !<br \/>\nLes molettes et vis de platine ont \u00e9t\u00e9 revisit\u00e9es pour offrir une meilleure ergonomie, et une finition encore plus soign\u00e9e !<\/p>\n","protected":false},"excerpt":{"rendered":"<p>Viseur SX 10 Le viseur SX 10 est un viseur utilisable en arc classique ou en arc \u00e0 poulies. Valeur forte d&rsquo;Arc Syst\u00e8me, le SX10 est d\u00e9di\u00e9 \u00e0 l&rsquo;initiation et aux premi\u00e8res comp\u00e9titions. Viseur d&rsquo;entr\u00e9e de gamme, il poss\u00e8de d\u00e9j\u00e0 les qualit\u00e9s recherch\u00e9es par les plus exigeants : une manufacture r\u00e9sistante, une extension carbone de [&hellip;]<\/p>\n","protected":false},"featured_media":5053,"template":"","meta":[],"product_cat":[518,521],"product_tag":[],"_links":{"self":[{"href":"https:\/\/archeriegossart.fr\/index.php\/wp-json\/wp\/v3\/product\/5052"}],"collection":[{"href":"https:\/\/archeriegossart.fr\/index.php\/wp-json\/wp\/v3\/product"}],"about":[{"href":"https:\/\/archeriegossart.fr\/index.php\/wp-json\/wp\/v2\/types\/product"}],"wp:featuredmedia":[{"embeddable":true,"href":"https:\/\/archeriegossart.fr\/index.php\/wp-json\/wp\/v2\/media\/5053"}],"wp:attachment":[{"href":"https:\/\/archeriegossart.fr\/index.php\/wp-json\/wp\/v2\/media?parent=5052"}],"wp:term":[{"taxonomy":"product_cat","embeddable":true,"href":"https:\/\/archeriegossart.fr\/index.php\/wp-json\/wp\/v2\/product_cat?post=5052"},{"taxonomy":"product_tag","embeddable":true,"href":"https:\/\/archeriegossart.fr\/index.php\/wp-json\/wp\/v2\/product_tag?post=5052"}],"curies":[{"name":"wp","href":"https:\/\/api.w.org\/{rel}","templated":true}]}}