{"id":5178,"date":"2019-03-23T10:46:54","date_gmt":"2019-03-23T09:46:54","guid":{"rendered":"https:\/\/archeriegossart.fr\/?post_type=product&#038;p=5178"},"modified":"2023-03-29T14:25:15","modified_gmt":"2023-03-29T12:25:15","slug":"branches-ilf-arc-d-t-chasse-blackstone-carbon-de-60-et-62-de-25-30-35-40-45-50-55-60-lbs","status":"publish","type":"product","link":"https:\/\/archeriegossart.fr\/index.php\/produit\/branches-ilf-arc-d-t-chasse-blackstone-carbon-de-60-et-62-de-25-30-35-40-45-50-55-60-lbs\/","title":{"rendered":"BRANCHES ILF ARC D\/T CHASSE BLACKSTONE CARBON DE 60&Prime; et 62&Prime; SUR POIGNEE DE 19&Prime;-25\/30\/35\/40\/45\/50\/55\/60 lbs"},"content":{"rendered":"<p>Le partenaire id\u00e9al pour la contremarche Sanlida Blackstone.\u00a0Ces membres \u00e0 ajustement international (ILF) de haute performance sont construits \u00e0 partir d&rsquo;un mat\u00e9riau en carbone crois\u00e9 haute r\u00e9sistance offrant des membres lisses, l\u00e9gers et rapides.\u00a0Dot\u00e9 de la derni\u00e8re conception de membre avec une forme mince.\u00a0Disponible en longueurs de 60 po ou 62 po (19 H) entre 25 et 60 lb.\u00a0&#8211; Montage: ILF &#8211; Mat\u00e9riau: carbone crois\u00e9 \u00e0 haute r\u00e9sistance &#8211; Membre lisse, l\u00e9ger et rapide &#8211; Conception avanc\u00e9e, forme mince, durable, haute performance, haute vitesse, haute pr\u00e9cision et faible vibration<\/p>\n","protected":false},"excerpt":{"rendered":"<p>Le partenaire id\u00e9al pour la contremarche Sanlida Blackstone.\u00a0Ces membres \u00e0 ajustement international (ILF) de haute performance sont construits \u00e0 partir d&rsquo;un mat\u00e9riau en carbone crois\u00e9 haute r\u00e9sistance offrant des membres lisses, l\u00e9gers et rapides.\u00a0Dot\u00e9 de la derni\u00e8re conception de membre avec une forme mince.\u00a0Disponible en longueurs de 60 po ou 62 po (19 H) entre [&hellip;]<\/p>\n","protected":false},"featured_media":5177,"template":"","meta":[],"product_cat":[35],"product_tag":[],"_links":{"self":[{"href":"https:\/\/archeriegossart.fr\/index.php\/wp-json\/wp\/v3\/product\/5178"}],"collection":[{"href":"https:\/\/archeriegossart.fr\/index.php\/wp-json\/wp\/v3\/product"}],"about":[{"href":"https:\/\/archeriegossart.fr\/index.php\/wp-json\/wp\/v2\/types\/product"}],"wp:featuredmedia":[{"embeddable":true,"href":"https:\/\/archeriegossart.fr\/index.php\/wp-json\/wp\/v2\/media\/5177"}],"wp:attachment":[{"href":"https:\/\/archeriegossart.fr\/index.php\/wp-json\/wp\/v2\/media?parent=5178"}],"wp:term":[{"taxonomy":"product_cat","embeddable":true,"href":"https:\/\/archeriegossart.fr\/index.php\/wp-json\/wp\/v2\/product_cat?post=5178"},{"taxonomy":"product_tag","embeddable":true,"href":"https:\/\/archeriegossart.fr\/index.php\/wp-json\/wp\/v2\/product_tag?post=5178"}],"curies":[{"name":"wp","href":"https:\/\/api.w.org\/{rel}","templated":true}]}}