{"id":524,"date":"2017-03-03T12:24:47","date_gmt":"2017-03-03T11:24:47","guid":{"rendered":"http:\/\/archeriegossart.fr\/?post_type=product&#038;p=524"},"modified":"2021-05-09T21:22:47","modified_gmt":"2021-05-09T19:22:47","slug":"plombs-g-hammer-power-lourds-45-mm-gamo","status":"publish","type":"product","link":"https:\/\/archeriegossart.fr\/index.php\/produit\/plombs-g-hammer-power-lourds-45-mm-gamo\/","title":{"rendered":"Plombs G-HAMMER POWER lourds 4,5 mm &#8211; GAMO"},"content":{"rendered":"<p>Le GAMO G-HAMMER POWER est un nouveau plomb de haute pr\u00e9cision avec une t\u00eate pointue et une tige droite, lisse. Avec une meilleure p\u00e9n\u00e9tration. Excellent coefficient balistique et une pr\u00e9cision accrue.<\/p>\n<p>Plombs lourds pointe elliptique. Recommand\u00e9s principalement pour les nuisibles.<\/p>\n<p>Poids : 1 g.<\/p>\n<p>Calibre : 4,5 mm.<\/p>\n<p>Par bo\u00eete de 200 plombs.<\/p>\n","protected":false},"excerpt":{"rendered":"<p>Le GAMO G-HAMMER POWER est un nouveau plomb de haute pr\u00e9cision avec une t\u00eate pointue et une tige droite, lisse. Avec une meilleure p\u00e9n\u00e9tration. Excellent coefficient balistique et une pr\u00e9cision accrue. Plombs lourds pointe elliptique. Recommand\u00e9s principalement pour les nuisibles. Poids : 1 g. Calibre : 4,5 mm. Par bo\u00eete de 200 plombs.<\/p>\n","protected":false},"featured_media":527,"template":"","meta":[],"product_cat":[79],"product_tag":[],"_links":{"self":[{"href":"https:\/\/archeriegossart.fr\/index.php\/wp-json\/wp\/v3\/product\/524"}],"collection":[{"href":"https:\/\/archeriegossart.fr\/index.php\/wp-json\/wp\/v3\/product"}],"about":[{"href":"https:\/\/archeriegossart.fr\/index.php\/wp-json\/wp\/v2\/types\/product"}],"wp:featuredmedia":[{"embeddable":true,"href":"https:\/\/archeriegossart.fr\/index.php\/wp-json\/wp\/v2\/media\/527"}],"wp:attachment":[{"href":"https:\/\/archeriegossart.fr\/index.php\/wp-json\/wp\/v2\/media?parent=524"}],"wp:term":[{"taxonomy":"product_cat","embeddable":true,"href":"https:\/\/archeriegossart.fr\/index.php\/wp-json\/wp\/v2\/product_cat?post=524"},{"taxonomy":"product_tag","embeddable":true,"href":"https:\/\/archeriegossart.fr\/index.php\/wp-json\/wp\/v2\/product_tag?post=524"}],"curies":[{"name":"wp","href":"https:\/\/api.w.org\/{rel}","templated":true}]}}