{"id":528,"date":"2017-03-03T12:28:45","date_gmt":"2017-03-03T11:28:45","guid":{"rendered":"http:\/\/archeriegossart.fr\/?post_type=product&#038;p=528"},"modified":"2024-12-18T11:03:37","modified_gmt":"2024-12-18T10:03:37","slug":"plombs-rocket-destructor-45-mm-55-mm-gamo","status":"publish","type":"product","link":"https:\/\/archeriegossart.fr\/index.php\/produit\/plombs-rocket-destructor-45-mm-55-mm-gamo\/","title":{"rendered":"Plombs ROCKET DESTRUCTOR 4,5 mm \/ 5,5 mm &#8211; GAMO"},"content":{"rendered":"<p>Excellente pr\u00e9cision et p\u00e9n\u00e9tration incomparable.<\/p>\n<p>Nos munitions \u00e0 air comprim\u00e9 combinent le plomb avec une pointe en acier tremp\u00e9 qui donne une p\u00e9n\u00e9tration accrue et un choc avec pr\u00e9cision.<\/p>\n<p>Le Rocket am\u00e9liore les performances sans aucun sacrifice de pr\u00e9cision et de coh\u00e9rence.<\/p>\n<p>Recommand\u00e9s pour les nuisibles et les cibles m\u00e9talliques.<\/p>\n<p>Calibre 4,5 mm ou 5,5 mm.<\/p>\n<p>Par bo\u00eete de 150 plombs.<\/p>\n","protected":false},"excerpt":{"rendered":"<p>Excellente pr\u00e9cision et p\u00e9n\u00e9tration incomparable. Nos munitions \u00e0 air comprim\u00e9 combinent le plomb avec une pointe en acier tremp\u00e9 qui donne une p\u00e9n\u00e9tration accrue et un choc avec pr\u00e9cision. Le Rocket am\u00e9liore les performances sans aucun sacrifice de pr\u00e9cision et de coh\u00e9rence. Recommand\u00e9s pour les nuisibles et les cibles m\u00e9talliques. Calibre 4,5 mm ou 5,5 [&hellip;]<\/p>\n","protected":false},"featured_media":529,"template":"","meta":[],"product_cat":[79],"product_tag":[],"_links":{"self":[{"href":"https:\/\/archeriegossart.fr\/index.php\/wp-json\/wp\/v3\/product\/528"}],"collection":[{"href":"https:\/\/archeriegossart.fr\/index.php\/wp-json\/wp\/v3\/product"}],"about":[{"href":"https:\/\/archeriegossart.fr\/index.php\/wp-json\/wp\/v2\/types\/product"}],"wp:featuredmedia":[{"embeddable":true,"href":"https:\/\/archeriegossart.fr\/index.php\/wp-json\/wp\/v2\/media\/529"}],"wp:attachment":[{"href":"https:\/\/archeriegossart.fr\/index.php\/wp-json\/wp\/v2\/media?parent=528"}],"wp:term":[{"taxonomy":"product_cat","embeddable":true,"href":"https:\/\/archeriegossart.fr\/index.php\/wp-json\/wp\/v2\/product_cat?post=528"},{"taxonomy":"product_tag","embeddable":true,"href":"https:\/\/archeriegossart.fr\/index.php\/wp-json\/wp\/v2\/product_tag?post=528"}],"curies":[{"name":"wp","href":"https:\/\/api.w.org\/{rel}","templated":true}]}}