{"id":5281,"date":"2019-04-19T16:42:51","date_gmt":"2019-04-19T14:42:51","guid":{"rendered":"https:\/\/archeriegossart.fr\/?post_type=product&#038;p=5281"},"modified":"2020-04-21T15:27:50","modified_gmt":"2020-04-21T13:27:50","slug":"cible-arc-2d-booster-mouflon-93-x-100-cm","status":"publish","type":"product","link":"https:\/\/archeriegossart.fr\/index.php\/produit\/cible-arc-2d-booster-mouflon-93-x-100-cm\/","title":{"rendered":"CIBLE ARC 2D BOOSTER MOUFLON 93 X 100 CM"},"content":{"rendered":"<p>Cible 2D compos\u00e9e de mousse MFT (Multi Foam Target) en couche de diff\u00e9rentes densit\u00e9s, sa mati\u00e8re exclusive lui permet une grande long\u00e9vit\u00e9 et une bonne tenu aux impacte de fl\u00e8ches.<br \/>\nEpaisseur de 17 cm.<br \/>\nParfaitement adapt\u00e9 pour vos entrainements au parcours 3D ou \u00e0 la chasse avec un prix r\u00e9duit en comparaison avec les cibles 3D.<br \/>\nun produit de la marque BOOSTER ARCHERY<\/p>\n","protected":false},"excerpt":{"rendered":"<p>Cible 2D compos\u00e9e de mousse MFT (Multi Foam Target) en couche de diff\u00e9rentes densit\u00e9s, sa mati\u00e8re exclusive lui permet une grande long\u00e9vit\u00e9 et une bonne tenu aux impacte de fl\u00e8ches. Epaisseur de 17 cm. Parfaitement adapt\u00e9 pour vos entrainements au parcours 3D ou \u00e0 la chasse avec un prix r\u00e9duit en comparaison avec les cibles [&hellip;]<\/p>\n","protected":false},"featured_media":5263,"template":"","meta":[],"product_cat":[525],"product_tag":[],"_links":{"self":[{"href":"https:\/\/archeriegossart.fr\/index.php\/wp-json\/wp\/v3\/product\/5281"}],"collection":[{"href":"https:\/\/archeriegossart.fr\/index.php\/wp-json\/wp\/v3\/product"}],"about":[{"href":"https:\/\/archeriegossart.fr\/index.php\/wp-json\/wp\/v2\/types\/product"}],"wp:featuredmedia":[{"embeddable":true,"href":"https:\/\/archeriegossart.fr\/index.php\/wp-json\/wp\/v2\/media\/5263"}],"wp:attachment":[{"href":"https:\/\/archeriegossart.fr\/index.php\/wp-json\/wp\/v2\/media?parent=5281"}],"wp:term":[{"taxonomy":"product_cat","embeddable":true,"href":"https:\/\/archeriegossart.fr\/index.php\/wp-json\/wp\/v2\/product_cat?post=5281"},{"taxonomy":"product_tag","embeddable":true,"href":"https:\/\/archeriegossart.fr\/index.php\/wp-json\/wp\/v2\/product_tag?post=5281"}],"curies":[{"name":"wp","href":"https:\/\/api.w.org\/{rel}","templated":true}]}}