{"id":541,"date":"2017-03-03T12:43:08","date_gmt":"2017-03-03T11:43:08","guid":{"rendered":"http:\/\/archeriegossart.fr\/?post_type=product&#038;p=541"},"modified":"2017-12-24T10:27:12","modified_gmt":"2017-12-24T09:27:12","slug":"boites-de-tampons-de-nettoyage-4-5-mm","status":"publish","type":"product","link":"https:\/\/archeriegossart.fr\/index.php\/produit\/boites-de-tampons-de-nettoyage-4-5-mm\/","title":{"rendered":"Boites de tampons de nettoyage 4.5 mm"},"content":{"rendered":"<h2 id=\"accroche\">Tampons pour l&rsquo;entretien des Canons de 4.5 mm<\/h2>\n<div id=\"description\">\n<p>bo\u00eetes de tampons de nettoyage pour armes \u00e0 air. cal. 4,5<\/p>\n<p>vendues en boites de 100 tampons<\/p>\n<p>s&rsquo;utilise imbib\u00e9 d&rsquo;huile pour armes pour le nettoyage et sec avant le tir.<\/p>\n<\/div>\n","protected":false},"excerpt":{"rendered":"<p>Tampons pour l&rsquo;entretien des Canons de 4.5 mm bo\u00eetes de tampons de nettoyage pour armes \u00e0 air. cal. 4,5 vendues en boites de 100 tampons s&rsquo;utilise imbib\u00e9 d&rsquo;huile pour armes pour le nettoyage et sec avant le tir.<\/p>\n","protected":false},"featured_media":542,"template":"","meta":[],"product_cat":[79],"product_tag":[],"_links":{"self":[{"href":"https:\/\/archeriegossart.fr\/index.php\/wp-json\/wp\/v3\/product\/541"}],"collection":[{"href":"https:\/\/archeriegossart.fr\/index.php\/wp-json\/wp\/v3\/product"}],"about":[{"href":"https:\/\/archeriegossart.fr\/index.php\/wp-json\/wp\/v2\/types\/product"}],"wp:featuredmedia":[{"embeddable":true,"href":"https:\/\/archeriegossart.fr\/index.php\/wp-json\/wp\/v2\/media\/542"}],"wp:attachment":[{"href":"https:\/\/archeriegossart.fr\/index.php\/wp-json\/wp\/v2\/media?parent=541"}],"wp:term":[{"taxonomy":"product_cat","embeddable":true,"href":"https:\/\/archeriegossart.fr\/index.php\/wp-json\/wp\/v2\/product_cat?post=541"},{"taxonomy":"product_tag","embeddable":true,"href":"https:\/\/archeriegossart.fr\/index.php\/wp-json\/wp\/v2\/product_tag?post=541"}],"curies":[{"name":"wp","href":"https:\/\/api.w.org\/{rel}","templated":true}]}}