{"id":5843,"date":"2019-10-24T15:39:51","date_gmt":"2019-10-24T13:39:51","guid":{"rendered":"https:\/\/archeriegossart.fr\/?post_type=product&#038;p=5843"},"modified":"2019-10-24T15:56:13","modified_gmt":"2019-10-24T13:56:13","slug":"poignees-kap-challenger-23","status":"publish","type":"product","link":"https:\/\/archeriegossart.fr\/index.php\/produit\/poignees-kap-challenger-23\/","title":{"rendered":"POIGNEES KAP CHALLENGER 23&Prime;"},"content":{"rendered":"<p>Poign\u00e9e KAP CHALLENGER 23 pouces Nouveau mod\u00e8le<br \/>\nR\u00e9f\u00e9rence HTK<br \/>\nLivr\u00e9e avec berger-button et repose fl\u00e8che.<br \/>\nPoign\u00e9e disponible en version :<br \/>\nDroitier ou Gaucher.<br \/>\nDisponible en taille :<br \/>\n23 pouces uniquement<br \/>\nDisponible en 4 coloris suivant lat\u00e9ralit\u00e9 :<br \/>\nGris<br \/>\nRouge<br \/>\nBleu<br \/>\nNoir<br \/>\nPoids du colis : 1.3 Kg environ<\/p>\n","protected":false},"excerpt":{"rendered":"<p>Poign\u00e9e KAP CHALLENGER 23 pouces Nouveau mod\u00e8le R\u00e9f\u00e9rence HTK Livr\u00e9e avec berger-button et repose fl\u00e8che. Poign\u00e9e disponible en version : Droitier ou Gaucher. Disponible en taille : 23 pouces uniquement Disponible en 4 coloris suivant lat\u00e9ralit\u00e9 : Gris Rouge Bleu Noir Poids du colis : 1.3 Kg environ<\/p>\n","protected":false},"featured_media":5846,"template":"","meta":[],"product_cat":[518,534],"product_tag":[],"_links":{"self":[{"href":"https:\/\/archeriegossart.fr\/index.php\/wp-json\/wp\/v3\/product\/5843"}],"collection":[{"href":"https:\/\/archeriegossart.fr\/index.php\/wp-json\/wp\/v3\/product"}],"about":[{"href":"https:\/\/archeriegossart.fr\/index.php\/wp-json\/wp\/v2\/types\/product"}],"wp:featuredmedia":[{"embeddable":true,"href":"https:\/\/archeriegossart.fr\/index.php\/wp-json\/wp\/v2\/media\/5846"}],"wp:attachment":[{"href":"https:\/\/archeriegossart.fr\/index.php\/wp-json\/wp\/v2\/media?parent=5843"}],"wp:term":[{"taxonomy":"product_cat","embeddable":true,"href":"https:\/\/archeriegossart.fr\/index.php\/wp-json\/wp\/v2\/product_cat?post=5843"},{"taxonomy":"product_tag","embeddable":true,"href":"https:\/\/archeriegossart.fr\/index.php\/wp-json\/wp\/v2\/product_tag?post=5843"}],"curies":[{"name":"wp","href":"https:\/\/api.w.org\/{rel}","templated":true}]}}