{"id":5855,"date":"2019-10-24T15:48:07","date_gmt":"2019-10-24T13:48:07","guid":{"rendered":"https:\/\/archeriegossart.fr\/?post_type=product&#038;p=5855"},"modified":"2019-10-24T15:54:27","modified_gmt":"2019-10-24T13:54:27","slug":"poignees-kap-winstorm-25","status":"publish","type":"product","link":"https:\/\/archeriegossart.fr\/index.php\/produit\/poignees-kap-winstorm-25\/","title":{"rendered":"POIGNEES KAP WINSTORM 25&Prime;"},"content":{"rendered":"<p>Poign\u00e9e KAP WINSTORM 25&Prime;<br \/>\nR\u00e9f\u00e9rence HTL<br \/>\nFixation des branches Standard ILF<br \/>\nMat\u00e9riau : Aluminium<br \/>\nPoign\u00e9e disponible en version :<br \/>\nDroitier ou Gaucher<br \/>\nDisponible en taille :<br \/>\n25 pouces uniquement<br \/>\nLivr\u00e9e avec berger-button et repose-fl\u00e8che, grip plastique.<br \/>\nDisponible en 6 coloris :<br \/>\nRouge, Bleu, Noir, Silver, Bleu Ciel, Blanc<br \/>\nPoids du colis : 1.5 Kg environ<\/p>\n","protected":false},"excerpt":{"rendered":"<p>Poign\u00e9e KAP WINSTORM 25&Prime; R\u00e9f\u00e9rence HTL Fixation des branches Standard ILF Mat\u00e9riau : Aluminium Poign\u00e9e disponible en version : Droitier ou Gaucher Disponible en taille : 25 pouces uniquement Livr\u00e9e avec berger-button et repose-fl\u00e8che, grip plastique. Disponible en 6 coloris : Rouge, Bleu, Noir, Silver, Bleu Ciel, Blanc Poids du colis : 1.5 Kg environ<\/p>\n","protected":false},"featured_media":5865,"template":"","meta":[],"product_cat":[518,534],"product_tag":[],"_links":{"self":[{"href":"https:\/\/archeriegossart.fr\/index.php\/wp-json\/wp\/v3\/product\/5855"}],"collection":[{"href":"https:\/\/archeriegossart.fr\/index.php\/wp-json\/wp\/v3\/product"}],"about":[{"href":"https:\/\/archeriegossart.fr\/index.php\/wp-json\/wp\/v2\/types\/product"}],"wp:featuredmedia":[{"embeddable":true,"href":"https:\/\/archeriegossart.fr\/index.php\/wp-json\/wp\/v2\/media\/5865"}],"wp:attachment":[{"href":"https:\/\/archeriegossart.fr\/index.php\/wp-json\/wp\/v2\/media?parent=5855"}],"wp:term":[{"taxonomy":"product_cat","embeddable":true,"href":"https:\/\/archeriegossart.fr\/index.php\/wp-json\/wp\/v2\/product_cat?post=5855"},{"taxonomy":"product_tag","embeddable":true,"href":"https:\/\/archeriegossart.fr\/index.php\/wp-json\/wp\/v2\/product_tag?post=5855"}],"curies":[{"name":"wp","href":"https:\/\/api.w.org\/{rel}","templated":true}]}}