{"id":598,"date":"2017-03-03T16:58:20","date_gmt":"2017-03-03T15:58:20","guid":{"rendered":"http:\/\/archeriegossart.fr\/?post_type=product&#038;p=598"},"modified":"2021-01-27T15:38:42","modified_gmt":"2021-01-27T14:38:42","slug":"adaptateur-pour-armes-dalarme-10-projectiles-self-gomm","status":"publish","type":"product","link":"https:\/\/archeriegossart.fr\/index.php\/produit\/adaptateur-pour-armes-dalarme-10-projectiles-self-gomm\/","title":{"rendered":"Adaptateur pour armes d&rsquo;alarme + 10 projectiles &#8211; Self Gomm"},"content":{"rendered":"<h2 id=\"accroche\">Adaptateur pour armes d&rsquo;alarme + 10 projectiles &#8211; Self Gomm<\/h2>\n<div id=\"description\">\n<p>l&#8217;embout self-gomm lance balle de protection est un \u00e9l\u00e9ment \u00e0 visser sur le canon de votre arme d&rsquo;alarme et de signalisation, pour la transformer en arme de protection.<\/p>\n<p>les projectiles self-gomm \u00e9labor\u00e9s \u00e0 partir d&rsquo;une mati\u00e8re caoutchouc, d\u00e9veloppent une \u00e9nergie capable de neutraliser un \u00e9ventuel agresseur tout en r\u00e9duisant au minimum les risques de blessures ou de mort.<\/p>\n<p>danger : veillez \u00e0 ce que l&rsquo;arme soit d\u00e9sarm\u00e9e au moment de la mise en place de l&#8217;embout self gomm et du chargement de la balle en caoutchouc.<\/p>\n<p>lot de 10 projectiles self gomm et un adaptateur pour pistolet et revolver kimar.<\/p>\n<table class=\"det_prod\" border=\"0\">\n<tbody>\n<tr>\n<th>D\u00e9signation<\/th>\n<th>R\u00e9f\u00e9rence<\/th>\n<th title=\"Cat\u00e9gorie armes\">Cat\u00e9gorie armes<\/th>\n<th title=\"Calibre\">Calibre<\/th>\n<th title=\"Conditionnement\">Cdt<\/th>\n<th title=\"Coloris\">Coloris<\/th>\n<th><\/th>\n<\/tr>\n<tr>\n<td class=\"designation\">Carte de 10 projectiles Self Gomm et un adaptateur 10 mm x 150<\/td>\n<td title=\"Carte de 10 projectiles Self Gomm et un adaptateur 10 mm x 150\">MD450<\/td>\n<td title=\"C (D\u00e9claration)\">C (D\u00e9claration)<\/td>\n<td title=\"cal. 10\">cal. 10<\/td>\n<td title=\"10\">10<\/td>\n<td title=\"Brun\">Brun<\/td>\n<td><\/td>\n<\/tr>\n<tr class=\"pair\">\n<td class=\"designation\">Carte de 10 projectiles Self Gomm et un adaptateur 7 mm x 75<\/td>\n<td title=\"Carte de 10 projectiles Self Gomm et un adaptateur 7 mm x 75\">MD449<\/td>\n<td title=\"C (D\u00e9claration)\">C (D\u00e9claration)<\/td>\n<td>&#8211;<\/td>\n<td title=\"10\">10<\/td>\n<td title=\"Brun\">Brun<\/td>\n<td><\/td>\n<\/tr>\n<tr>\n<td class=\"designation\">Carte de 10 projectiles Self Gomm et un adaptateur 10 mm. x 100<\/td>\n<td title=\"Carte de 10 projectiles Self Gomm et un adaptateur 10 mm. x 100\">XMD466<\/td>\n<td title=\"C (D\u00e9claration)\">C (D\u00e9claration)<\/td>\n<td title=\"10 mm\">10 mm<\/td>\n<td title=\"10\">10<\/td>\n<td title=\"Noir\">Noir<\/td>\n<td><\/td>\n<\/tr>\n<\/tbody>\n<\/table>\n<\/div>\n","protected":false},"excerpt":{"rendered":"<p>Adaptateur pour armes d&rsquo;alarme + 10 projectiles &#8211; Self Gomm l&#8217;embout self-gomm lance balle de protection est un \u00e9l\u00e9ment \u00e0 visser sur le canon de votre arme d&rsquo;alarme et de signalisation, pour la transformer en arme de protection. les projectiles self-gomm \u00e9labor\u00e9s \u00e0 partir d&rsquo;une mati\u00e8re caoutchouc, d\u00e9veloppent une \u00e9nergie capable de neutraliser un \u00e9ventuel [&hellip;]<\/p>\n","protected":false},"featured_media":600,"template":"","meta":[],"product_cat":[80],"product_tag":[],"_links":{"self":[{"href":"https:\/\/archeriegossart.fr\/index.php\/wp-json\/wp\/v3\/product\/598"}],"collection":[{"href":"https:\/\/archeriegossart.fr\/index.php\/wp-json\/wp\/v3\/product"}],"about":[{"href":"https:\/\/archeriegossart.fr\/index.php\/wp-json\/wp\/v2\/types\/product"}],"wp:featuredmedia":[{"embeddable":true,"href":"https:\/\/archeriegossart.fr\/index.php\/wp-json\/wp\/v2\/media\/600"}],"wp:attachment":[{"href":"https:\/\/archeriegossart.fr\/index.php\/wp-json\/wp\/v2\/media?parent=598"}],"wp:term":[{"taxonomy":"product_cat","embeddable":true,"href":"https:\/\/archeriegossart.fr\/index.php\/wp-json\/wp\/v2\/product_cat?post=598"},{"taxonomy":"product_tag","embeddable":true,"href":"https:\/\/archeriegossart.fr\/index.php\/wp-json\/wp\/v2\/product_tag?post=598"}],"curies":[{"name":"wp","href":"https:\/\/api.w.org\/{rel}","templated":true}]}}