{"id":608,"date":"2017-03-03T17:15:44","date_gmt":"2017-03-03T16:15:44","guid":{"rendered":"http:\/\/archeriegossart.fr\/?post_type=product&#038;p=608"},"modified":"2025-11-18T17:20:38","modified_gmt":"2025-11-18T16:20:38","slug":"gamo-lunette-3-9-x32-wr","status":"publish","type":"product","link":"https:\/\/archeriegossart.fr\/index.php\/produit\/gamo-lunette-3-9-x32-wr\/","title":{"rendered":"GAMO Lunette 3-9 X32 WR"},"content":{"rendered":"<p>&nbsp;<\/p>\n<p>Cette lunette GAMO dispose d&rsquo;un grand champ de vision et assure une superbe performance m\u00eame dans des conditions de faible \u00e9clairage. R\u00e9glage en d\u00e9rive et en \u00e9l\u00e9vation, correction par clic 1\/4&Prime; pour 100 YD (7 mm. \u00e0 100 m.). R\u00e9ticule 7 aussi appel\u00e9 30\/30.<\/p>\n<p>Livr\u00e9e avec :<\/p>\n<p>&#8211; 2 colliers de montage pour rail 11 mm.<\/p>\n<p>&#8211; 1 lingette de nettoyage<\/p>\n<p>&#8211; 1 cl\u00e9 Allen pour le montage de la lunette<\/p>\n<p>&#8211; 2 caches de protection<\/p>\n<p>Caract\u00e9ristiques :<\/p>\n<p>&#8211; Grossissement : 3-9 X32<\/p>\n<p>&#8211; Diam\u00e8tre de l&rsquo;objectif : 32 mm.<\/p>\n<p>&#8211; Correction par clic : 1\/4&Prime; pour 100 YD ( mm. \u00e0 100 m.)<\/p>\n<p>&#8211; R\u00e9ticule : 7 ou 30\/30<\/p>\n<p>&#8211; Champ \u00e0 100 m. : 10,20 m.<\/p>\n<p>&#8211; Diam\u00e8tre du tube : 1&Prime; (25,4 mm.)<\/p>\n<p>&#8211; Longueur : 29,5 cm.<\/p>\n<p>&#8211; Poids : 380 g.<\/p>\n<p>&#8211; Mati\u00e8re : Aluminum<\/p>\n","protected":false},"excerpt":{"rendered":"<p>&nbsp; Cette lunette GAMO dispose d&rsquo;un grand champ de vision et assure une superbe performance m\u00eame dans des conditions de faible \u00e9clairage. R\u00e9glage en d\u00e9rive et en \u00e9l\u00e9vation, correction par clic 1\/4&Prime; pour 100 YD (7 mm. \u00e0 100 m.). R\u00e9ticule 7 aussi appel\u00e9 30\/30. Livr\u00e9e avec : &#8211; 2 colliers de montage pour rail [&hellip;]<\/p>\n","protected":false},"featured_media":611,"template":"","meta":[],"product_cat":[67],"product_tag":[],"_links":{"self":[{"href":"https:\/\/archeriegossart.fr\/index.php\/wp-json\/wp\/v3\/product\/608"}],"collection":[{"href":"https:\/\/archeriegossart.fr\/index.php\/wp-json\/wp\/v3\/product"}],"about":[{"href":"https:\/\/archeriegossart.fr\/index.php\/wp-json\/wp\/v2\/types\/product"}],"wp:featuredmedia":[{"embeddable":true,"href":"https:\/\/archeriegossart.fr\/index.php\/wp-json\/wp\/v2\/media\/611"}],"wp:attachment":[{"href":"https:\/\/archeriegossart.fr\/index.php\/wp-json\/wp\/v2\/media?parent=608"}],"wp:term":[{"taxonomy":"product_cat","embeddable":true,"href":"https:\/\/archeriegossart.fr\/index.php\/wp-json\/wp\/v2\/product_cat?post=608"},{"taxonomy":"product_tag","embeddable":true,"href":"https:\/\/archeriegossart.fr\/index.php\/wp-json\/wp\/v2\/product_tag?post=608"}],"curies":[{"name":"wp","href":"https:\/\/api.w.org\/{rel}","templated":true}]}}