{"id":6412,"date":"2020-10-27T18:04:43","date_gmt":"2020-10-27T17:04:43","guid":{"rendered":"https:\/\/archeriegossart.fr\/?post_type=product&#038;p=6412"},"modified":"2024-12-18T09:35:29","modified_gmt":"2024-12-18T08:35:29","slug":"revolver-co2-umarex-t4e-hdr-50-cal-50-11-joules-100-billes-et-5-co2","status":"publish","type":"product","link":"https:\/\/archeriegossart.fr\/index.php\/produit\/revolver-co2-umarex-t4e-hdr-50-cal-50-11-joules-100-billes-et-5-co2\/","title":{"rendered":"REVOLVER CO2 UMAREX T4E TR 50 \/ CAL : 50 13 JOULES+ 100 BILLES ET 5 CO2"},"content":{"rendered":"<h2>UMAREX<\/h2>\n<p><b>WALTHER T4E TR 50<\/b><\/p>\n<p>Revolver de d\u00e9fense \u00e0 balle caoutchouc<br \/>\nCal. 50 (12,7 mm)<\/p>\n<p><b><u>Id\u00e9al pour la d\u00e9fense:<\/u><br \/>\nPermet de tirer 6 billes en caoutchouc<\/b><\/p>\n<ul>\n<li>Barillet 6 coups<\/li>\n<li>Puissance 13 joules<\/li>\n<li>Vitesse de la bille : 134 m\/s<\/li>\n<li>Longueur 225 mm<\/li>\n<li>Poids 675 gr<\/li>\n<\/ul>\n<p>Fonctionne avec 1 capsule Co\u00b2 12 g<br \/>\n<i><br \/>\n<b>Pack D\u00e9fense:<\/b><br \/>\n&#8211; Sachet de 5 capsules de Co2 12gr<br \/>\n&#8211; 1 SACHET de 100 billes caoutchouc noir<\/i><\/p>\n<p><b>N&rsquo;oubliez pas\u00a0<u>les munitions<\/u>\u00a0et les accessoires<\/b><\/p>\n<div class=\"description_plus\">\n<h3>En savoir plus sur Revolver 6 coups WALTHER T4E HDR 50 cal.50 (11 joules) \u00a0\u00bbUMAREX\u00a0\u00bb Pack D\u00e9fense<\/h3>\n<p>Le HDR 50 est un revolver calibre .50 d&rsquo;une puissance notable de 13 joules et une apparence imposante.<\/p>\n<p>Le chargeur rotatif, facile \u00e0 charger, peut contenir jusqu&rsquo;\u00e0 six munitions de calibre .50.<br \/>\nLa puissance est fournie par une cartouche de CO2 situ\u00e9e dans la poign\u00e9e.<br \/>\nAinsi, le Home Defense Revolver 50 est pr\u00eat \u00e0 \u00eatre utilis\u00e9 \u00e0 tout moment.<br \/>\nLe design tout en m\u00e9tal, la forme large et la taille remarquable sont destin\u00e9s \u00e0 effrayer tout agresseur.<br \/>\nLes surfaces textur\u00e9es de la crosse vous assurent une prise en main s\u00fbre m\u00eame dans les situations de stress, et la s\u00e9curit\u00e9 de la d\u00e9tente pr\u00e9vient les tirs accidentels si vous laissez tomber le revolver.<\/p>\n<p>Il permet de tirer \u00e0 la fois des\u00a0billes en caoutchouc, des billes de poudre marquante et des billes de poivre en calibre .50.<\/p>\n<\/div>\n","protected":false},"excerpt":{"rendered":"<p>UMAREX WALTHER T4E TR 50 Revolver de d\u00e9fense \u00e0 balle caoutchouc Cal. 50 (12,7 mm) Id\u00e9al pour la d\u00e9fense: Permet de tirer 6 billes en caoutchouc Barillet 6 coups Puissance 13 joules Vitesse de la bille : 134 m\/s Longueur 225 mm Poids 675 gr Fonctionne avec 1 capsule Co\u00b2 12 g Pack D\u00e9fense: &#8211; [&hellip;]<\/p>\n","protected":false},"featured_media":6415,"template":"","meta":[],"product_cat":[46,47],"product_tag":[],"_links":{"self":[{"href":"https:\/\/archeriegossart.fr\/index.php\/wp-json\/wp\/v3\/product\/6412"}],"collection":[{"href":"https:\/\/archeriegossart.fr\/index.php\/wp-json\/wp\/v3\/product"}],"about":[{"href":"https:\/\/archeriegossart.fr\/index.php\/wp-json\/wp\/v2\/types\/product"}],"wp:featuredmedia":[{"embeddable":true,"href":"https:\/\/archeriegossart.fr\/index.php\/wp-json\/wp\/v2\/media\/6415"}],"wp:attachment":[{"href":"https:\/\/archeriegossart.fr\/index.php\/wp-json\/wp\/v2\/media?parent=6412"}],"wp:term":[{"taxonomy":"product_cat","embeddable":true,"href":"https:\/\/archeriegossart.fr\/index.php\/wp-json\/wp\/v2\/product_cat?post=6412"},{"taxonomy":"product_tag","embeddable":true,"href":"https:\/\/archeriegossart.fr\/index.php\/wp-json\/wp\/v2\/product_tag?post=6412"}],"curies":[{"name":"wp","href":"https:\/\/api.w.org\/{rel}","templated":true}]}}