{"id":6501,"date":"2021-01-05T09:40:35","date_gmt":"2021-01-05T08:40:35","guid":{"rendered":"https:\/\/archeriegossart.fr\/?post_type=product&#038;p=6501"},"modified":"2024-12-18T09:31:36","modified_gmt":"2024-12-18T08:31:36","slug":"revolver-4-winchester-cal-4-5-mm-a-co2","status":"publish","type":"product","link":"https:\/\/archeriegossart.fr\/index.php\/produit\/revolver-4-winchester-cal-4-5-mm-a-co2\/","title":{"rendered":"REVOLVER 4\u00a0\u00bb WINCHESTER CAL 4.5 MM \u00c0 CO2"},"content":{"rendered":"<p>Revolver \u00e0 CO2 calibre 4.5 mm tirant des diabolos. Fonctionne en simple ou double action.<\/p>\n<ul>\n<li>Canon ray\u00e9 en acier.<\/li>\n<li>Barillet 8 coups en acier.<\/li>\n<li>Capsule de CO2 12 g log\u00e9es dans la crosse.<\/li>\n<li>Bouton d&rsquo;ouverture du barillet faisant office de suret\u00e9.<\/li>\n<li>Vis\u00e9e ouverte avec hausse r\u00e9glable en d\u00e9rive et en \u00e9l\u00e9vation.<\/li>\n<\/ul>\n","protected":false},"excerpt":{"rendered":"<p>Revolver \u00e0 CO2 calibre 4.5 mm tirant des diabolos. Fonctionne en simple ou double action. Canon ray\u00e9 en acier. Barillet 8 coups en acier. Capsule de CO2 12 g log\u00e9es dans la crosse. Bouton d&rsquo;ouverture du barillet faisant office de suret\u00e9. Vis\u00e9e ouverte avec hausse r\u00e9glable en d\u00e9rive et en \u00e9l\u00e9vation.<\/p>\n","protected":false},"featured_media":6504,"template":"","meta":[],"product_cat":[46],"product_tag":[],"_links":{"self":[{"href":"https:\/\/archeriegossart.fr\/index.php\/wp-json\/wp\/v3\/product\/6501"}],"collection":[{"href":"https:\/\/archeriegossart.fr\/index.php\/wp-json\/wp\/v3\/product"}],"about":[{"href":"https:\/\/archeriegossart.fr\/index.php\/wp-json\/wp\/v2\/types\/product"}],"wp:featuredmedia":[{"embeddable":true,"href":"https:\/\/archeriegossart.fr\/index.php\/wp-json\/wp\/v2\/media\/6504"}],"wp:attachment":[{"href":"https:\/\/archeriegossart.fr\/index.php\/wp-json\/wp\/v2\/media?parent=6501"}],"wp:term":[{"taxonomy":"product_cat","embeddable":true,"href":"https:\/\/archeriegossart.fr\/index.php\/wp-json\/wp\/v2\/product_cat?post=6501"},{"taxonomy":"product_tag","embeddable":true,"href":"https:\/\/archeriegossart.fr\/index.php\/wp-json\/wp\/v2\/product_tag?post=6501"}],"curies":[{"name":"wp","href":"https:\/\/api.w.org\/{rel}","templated":true}]}}