{"id":6509,"date":"2021-01-06T17:03:09","date_gmt":"2021-01-06T16:03:09","guid":{"rendered":"https:\/\/archeriegossart.fr\/?post_type=product&#038;p=6509"},"modified":"2025-07-15T14:08:10","modified_gmt":"2025-07-15T12:08:10","slug":"carabine-air-comprime-gamo-4-5-roadster-igt-10x-gen2-19-9j","status":"publish","type":"product","link":"https:\/\/archeriegossart.fr\/index.php\/produit\/carabine-air-comprime-gamo-4-5-roadster-igt-10x-gen2-19-9j\/","title":{"rendered":"CARABINE AIR COMPRIME GAMO Roadster IGT 10x Gen2 + lunette 4&#215;32 wr"},"content":{"rendered":"<h2 id=\"accroche\">Carabine Gamo \u00e0 air comprim\u00e9 10 coups avec chargeur \u00e0 plat et organes de vis\u00e9e ouverte !<\/h2>\n<div id=\"description\">\n<p><span class=\"tlid-translation translation\">La Gamo Roadster int\u00e8gre le nouveau syst\u00e8me 10 coups \u00e0 rechargement automatique par bascule du canon. Le nouveau chargeur 10x est plus l\u00e9ger et plus discret : \u00e0 plat il laisse les organes de vis\u00e9e ouverte d\u00e9gag\u00e9s !<\/span><\/p>\n<p><span class=\"tlid-translation translation\">De plus la Roadster 10x est un concentr\u00e9 des derni\u00e8re technologies Gamo :<\/span><\/p>\n<ul>\n<li><span class=\"tlid-translation translation\">Chargeur 10x : tir rapide sans recharger<\/span><\/li>\n<li><span class=\"tlid-translation translation\">SWA\u2122 : plaque de couche \u00e0 duret\u00e9 adaptable au tireur<\/span><\/li>\n<li><span class=\"tlid-translation translation\">RRR\u2122 : fixation de lunette absorbant le recul<\/span><\/li>\n<li><span class=\"tlid-translation translation\">CAT\u2122 : d\u00e9tente \u00e0 bossette avec courses de d\u00e9part r\u00e9glables<\/span><\/li>\n<li><span class=\"tlid-translation translation\">Whisper Fusion\u2122 : mod\u00e9rateur de son \u00e0 double compartiment plus silencieux.<\/span><\/li>\n<li><span class=\"tlid-translation translation\">IGT\u2122 : Cylindre \u00e0 gaz qui remplace le ressort pour des tirs hyper r\u00e9guliers.<\/span><\/li>\n<\/ul>\n<p><span class=\"tlid-translation translation\">Carabine livr\u00e9e avec 1 chargeurs 10x.<\/span><\/p>\n<p>&nbsp;<\/p>\n<p>&nbsp;<\/p>\n<\/div>\n<div id=\"bloc_ficheTechnique\">\n<div id=\"ficheTechnique\">\n<p><span class=\"tlid-translation translation\">L&rsquo;incroyable Gamo Roadster IGT 10X GEN2 est arriv\u00e9, avec pour la premi\u00e8re fois un mod\u00e9rateur de son Whisper Fusion de derni\u00e8re g\u00e9n\u00e9ration, la centrale \u00e9lectrique de la technologie des gaz inertes de Gamo, une nouvelle crosse ergonomique synth\u00e9tique pour les pouces et la nouvelle technologie 10x GEN 2 en instance de brevet. Ce nouveau syst\u00e8me multi-shot comprend notre chargeur horizontal de pointe, le rendant plus l\u00e9ger, 25% plus compact et plus discret avec l&rsquo;inclusion de viseurs ouverts, ce qui permet de tirer sans port\u00e9e.<\/span><\/p>\n<p>Votre choix: avec ce nouveau syst\u00e8me de rechargement, l&rsquo;utilisateur peut oublier d&rsquo;utiliser une lunette de vis\u00e9e, en tirant avec des vues ouvertes si d\u00e9sir\u00e9. De plus, il permet \u00e0 l&rsquo;utilisateur de d\u00e9finir des montures standard, ce qui le rend compatible avec d&rsquo;autres lunettes Gamo.<\/p>\n<p>Compacit\u00e9 et l\u00e9g\u00e8ret\u00e9 am\u00e9lior\u00e9es: le syst\u00e8me 10X GEN2 Multishot a \u00e9t\u00e9 d\u00e9velopp\u00e9 en consid\u00e9rant qu&rsquo;un fusil doit non seulement \u00eatre puissant, mais aussi maniable, confortable et ergonomique, donc ce nouveau chargeur a \u00e9t\u00e9 optimis\u00e9 pour offrir plus dans moins d&rsquo;espace.<\/p>\n<p>Esth\u00e9tique et design: La nouvelle g\u00e9n\u00e9ration de carabines Gamo a \u00e9t\u00e9 con\u00e7ue selon les derni\u00e8res tendances du march\u00e9, en maintenant toujours un excellent compromis entre convivialit\u00e9, ergonomie et design.<\/p>\n<\/div>\n<\/div>\n","protected":false},"excerpt":{"rendered":"<p>Carabine Gamo \u00e0 air comprim\u00e9 10 coups avec chargeur \u00e0 plat et organes de vis\u00e9e ouverte ! La Gamo Roadster int\u00e8gre le nouveau syst\u00e8me 10 coups \u00e0 rechargement automatique par bascule du canon. Le nouveau chargeur 10x est plus l\u00e9ger et plus discret : \u00e0 plat il laisse les organes de vis\u00e9e ouverte d\u00e9gag\u00e9s ! [&hellip;]<\/p>\n","protected":false},"featured_media":7694,"template":"","meta":[],"product_cat":[44],"product_tag":[],"_links":{"self":[{"href":"https:\/\/archeriegossart.fr\/index.php\/wp-json\/wp\/v3\/product\/6509"}],"collection":[{"href":"https:\/\/archeriegossart.fr\/index.php\/wp-json\/wp\/v3\/product"}],"about":[{"href":"https:\/\/archeriegossart.fr\/index.php\/wp-json\/wp\/v2\/types\/product"}],"wp:featuredmedia":[{"embeddable":true,"href":"https:\/\/archeriegossart.fr\/index.php\/wp-json\/wp\/v2\/media\/7694"}],"wp:attachment":[{"href":"https:\/\/archeriegossart.fr\/index.php\/wp-json\/wp\/v2\/media?parent=6509"}],"wp:term":[{"taxonomy":"product_cat","embeddable":true,"href":"https:\/\/archeriegossart.fr\/index.php\/wp-json\/wp\/v2\/product_cat?post=6509"},{"taxonomy":"product_tag","embeddable":true,"href":"https:\/\/archeriegossart.fr\/index.php\/wp-json\/wp\/v2\/product_tag?post=6509"}],"curies":[{"name":"wp","href":"https:\/\/api.w.org\/{rel}","templated":true}]}}