{"id":6527,"date":"2021-01-06T17:39:16","date_gmt":"2021-01-06T16:39:16","guid":{"rendered":"https:\/\/archeriegossart.fr\/?post_type=product&#038;p=6527"},"modified":"2025-07-15T14:01:02","modified_gmt":"2025-07-15T12:01:02","slug":"carabine-air-comprime-gamo-4-5-big-cat-1000-e-barricade-19-9-joules-lunette-4-x-32","status":"publish","type":"product","link":"https:\/\/archeriegossart.fr\/index.php\/produit\/carabine-air-comprime-gamo-4-5-big-cat-1000-e-barricade-19-9-joules-lunette-4-x-32\/","title":{"rendered":"CARABINE AIR COMPRIME GAMO 4.5 BIG CAT 1000 E BARRICADE ( 19.9 JOULES ) + LUNETTE 4 X 32"},"content":{"rendered":"<h2 id=\"accroche\">Carabine Gamo Big Cat 1000E Barricade avec crosse verte O.D. et lunette 4 x 32 WR<\/h2>\n<div id=\"description\">\n<p>Carabine 4.5 mm \u00e0 armement par bascule du canon (break barrel).<br \/>\nCrosse polym\u00e8re vert OD, r\u00e9sistante, ambidextre et ergonomique.<br \/>\nHausse et Guidon en fibre optique Truglo, pour une prise de vis\u00e9e rapide dans toutes les conditions de luminosit\u00e9.<br \/>\nRail de montage prismatique de 11mm frais\u00e9 dans la masse du boitier pour le montage de la lunette 4 x 32 WR.<\/p>\n<\/div>\n<div id=\"bloc_ficheTechnique\">\n<div id=\"ficheTechnique\">\n<ul>\n<li>Carabine Big Cat 1000E<\/li>\n<li>\u00c9nergie : 19,9 j.<\/li>\n<li>Calibre : 4,5 mm<\/li>\n<li>Longueur : 109 cm<\/li>\n<\/ul>\n<ul>\n<li>Poids : 2,560 g<\/li>\n<\/ul>\n<\/div>\n<\/div>\n","protected":false},"excerpt":{"rendered":"<p>Carabine Gamo Big Cat 1000E Barricade avec crosse verte O.D. et lunette 4 x 32 WR Carabine 4.5 mm \u00e0 armement par bascule du canon (break barrel). Crosse polym\u00e8re vert OD, r\u00e9sistante, ambidextre et ergonomique. Hausse et Guidon en fibre optique Truglo, pour une prise de vis\u00e9e rapide dans toutes les conditions de luminosit\u00e9. Rail [&hellip;]<\/p>\n","protected":false},"featured_media":6529,"template":"","meta":[],"product_cat":[44],"product_tag":[],"_links":{"self":[{"href":"https:\/\/archeriegossart.fr\/index.php\/wp-json\/wp\/v3\/product\/6527"}],"collection":[{"href":"https:\/\/archeriegossart.fr\/index.php\/wp-json\/wp\/v3\/product"}],"about":[{"href":"https:\/\/archeriegossart.fr\/index.php\/wp-json\/wp\/v2\/types\/product"}],"wp:featuredmedia":[{"embeddable":true,"href":"https:\/\/archeriegossart.fr\/index.php\/wp-json\/wp\/v2\/media\/6529"}],"wp:attachment":[{"href":"https:\/\/archeriegossart.fr\/index.php\/wp-json\/wp\/v2\/media?parent=6527"}],"wp:term":[{"taxonomy":"product_cat","embeddable":true,"href":"https:\/\/archeriegossart.fr\/index.php\/wp-json\/wp\/v2\/product_cat?post=6527"},{"taxonomy":"product_tag","embeddable":true,"href":"https:\/\/archeriegossart.fr\/index.php\/wp-json\/wp\/v2\/product_tag?post=6527"}],"curies":[{"name":"wp","href":"https:\/\/api.w.org\/{rel}","templated":true}]}}