{"id":6613,"date":"2021-03-25T09:22:42","date_gmt":"2021-03-25T08:22:42","guid":{"rendered":"https:\/\/archeriegossart.fr\/?post_type=product&#038;p=6613"},"modified":"2021-05-13T11:36:24","modified_gmt":"2021-05-13T09:36:24","slug":"arc-de-chasse-risers-ilf-alu-bryon-21-rh-noir-mat-anodise","status":"publish","type":"product","link":"https:\/\/archeriegossart.fr\/index.php\/produit\/arc-de-chasse-risers-ilf-alu-bryon-21-rh-noir-mat-anodise\/","title":{"rendered":"POIGNEE D&rsquo;ARC DE CHASSE ET TIR NATURE Oak Ridge BRYON ILF 21&Prime; NOIR MAT ANODIS\u00c9"},"content":{"rendered":"<p>La colonne montante de chasse Bryon 21 pouces d&rsquo;Oak Ridge est une colonne montante d&rsquo;extrusion usin\u00e9e CNC avec une poche ILF (International Limb Fitting) permettant une vaste gamme d&rsquo;options de membres possibles.\u00a0Complet avec un syst\u00e8me d&rsquo;alignement des membres moderne et une poign\u00e9e en bois attrayante, le Bryon p\u00e8se 1125 g et est disponible dans une gamme de couleurs mates anodis\u00e9es.\u00a0&#8211; Longueur: 21 \u00ab\u00a0&#8211; Poids: 1125gr &#8211; Montage: ILF &#8211; Caract\u00e9ristiques: colonne montante en extrusion usin\u00e9e, avec syst\u00e8me d&rsquo;alignement des branches, poign\u00e9e en bois, couleurs mates anodis\u00e9es ou tremp\u00e9es<\/p>\n","protected":false},"excerpt":{"rendered":"<p>La colonne montante de chasse Bryon 21 pouces d&rsquo;Oak Ridge est une colonne montante d&rsquo;extrusion usin\u00e9e CNC avec une poche ILF (International Limb Fitting) permettant une vaste gamme d&rsquo;options de membres possibles.\u00a0Complet avec un syst\u00e8me d&rsquo;alignement des membres moderne et une poign\u00e9e en bois attrayante, le Bryon p\u00e8se 1125 g et est disponible dans une [&hellip;]<\/p>\n","protected":false},"featured_media":6609,"template":"","meta":[],"product_cat":[35],"product_tag":[],"_links":{"self":[{"href":"https:\/\/archeriegossart.fr\/index.php\/wp-json\/wp\/v3\/product\/6613"}],"collection":[{"href":"https:\/\/archeriegossart.fr\/index.php\/wp-json\/wp\/v3\/product"}],"about":[{"href":"https:\/\/archeriegossart.fr\/index.php\/wp-json\/wp\/v2\/types\/product"}],"wp:featuredmedia":[{"embeddable":true,"href":"https:\/\/archeriegossart.fr\/index.php\/wp-json\/wp\/v2\/media\/6609"}],"wp:attachment":[{"href":"https:\/\/archeriegossart.fr\/index.php\/wp-json\/wp\/v2\/media?parent=6613"}],"wp:term":[{"taxonomy":"product_cat","embeddable":true,"href":"https:\/\/archeriegossart.fr\/index.php\/wp-json\/wp\/v2\/product_cat?post=6613"},{"taxonomy":"product_tag","embeddable":true,"href":"https:\/\/archeriegossart.fr\/index.php\/wp-json\/wp\/v2\/product_tag?post=6613"}],"curies":[{"name":"wp","href":"https:\/\/api.w.org\/{rel}","templated":true}]}}