{"id":664,"date":"2017-03-06T14:04:05","date_gmt":"2017-03-06T13:04:05","guid":{"rendered":"http:\/\/archeriegossart.fr\/?post_type=product&#038;p=664"},"modified":"2022-03-31T17:22:21","modified_gmt":"2022-03-31T15:22:21","slug":"arc-de-loisir-snake-fibre-60-26-lbs","status":"publish","type":"product","link":"https:\/\/archeriegossart.fr\/index.php\/produit\/arc-de-loisir-snake-fibre-60-26-lbs\/","title":{"rendered":"ARC DE LOISIR SNAKE FIBRE 60&Prime; 26 LBS"},"content":{"rendered":"<p><strong>Arc Snake, le meilleur arc jamais fabriqu\u00e9 pour le tir \u00e0 l\u2019arc r\u00e9cr\u00e9atif\u00a0!<\/strong><\/p>\n<p>Presque indestructible, le Snake est un arc ambidextre au design oriental qui lui conf\u00e8re souplesse et nervosit\u00e9. D\u2019un rapport qualit\u00e9\/prix imbattable, il est id\u00e9al pour d\u00e9couvrir les plaisirs du tir \u00e0 l\u2019arc. Fabriqu\u00e9 \u00e0 partir de mat\u00e9riaux composites inject\u00e9s, il r\u00e9sistera aux pires conditions d\u2019utilisations.<br \/>\nD\u00e9clin\u00e9 en version 60\u2019\u2019 18, 22 et 26#, le Snake supporte facilement les grandes allonges, m\u00eame au-del\u00e0 de 30\u2019\u2019 !<br \/>\nLa version 48\u2019\u2019 15# est destin\u00e9e aux 6\/12 ans jusqu\u2019\u00e0 26\u2019\u2019 d\u2019allonge.<br \/>\nParfait pour les clubs, les campings et tous ceux qui souhaitent s\u2019initier \u00e0 petit budget !<\/p>\n<p>Fabriqu\u00e9 en France<\/p>\n<p><strong><br \/>\nCaract\u00e9ristiques :<\/strong><br \/>\n\u2022 60\u2019\u2019, 18, 22 et 26#<br \/>\n<strong><br \/>\n<\/strong><\/p>\n<table>\n<tbody>\n<tr>\n<td valign=\"top\">&nbsp;<\/p>\n<p>Bands conseill\u00e9s\u00a0:<br \/>\n\u2022 60&Prime; : 18.5\/19.5 cm<\/td>\n<td valign=\"top\"><img decoding=\"async\" loading=\"lazy\" src=\"http:\/\/www.arc-rolan.fr\/images\/divers\/mesure-band-snake.jpg\" alt=\"mesure-band-snake\" width=\"105\" height=\"146\" \/><\/td>\n<\/tr>\n<\/tbody>\n<\/table>\n<p><strong><br \/>\nChaque arc est livr\u00e9 avec sa corde, 4 repose fl\u00e8che adh\u00e9sifs et 2 rep\u00e8res d\u2019encoche.<\/strong><\/p>\n","protected":false},"excerpt":{"rendered":"<p>Arc Snake, le meilleur arc jamais fabriqu\u00e9 pour le tir \u00e0 l\u2019arc r\u00e9cr\u00e9atif\u00a0! Presque indestructible, le Snake est un arc ambidextre au design oriental qui lui conf\u00e8re souplesse et nervosit\u00e9. D\u2019un rapport qualit\u00e9\/prix imbattable, il est id\u00e9al pour d\u00e9couvrir les plaisirs du tir \u00e0 l\u2019arc. Fabriqu\u00e9 \u00e0 partir de mat\u00e9riaux composites inject\u00e9s, il r\u00e9sistera aux [&hellip;]<\/p>\n","protected":false},"featured_media":661,"template":"","meta":[],"product_cat":[81],"product_tag":[],"_links":{"self":[{"href":"https:\/\/archeriegossart.fr\/index.php\/wp-json\/wp\/v3\/product\/664"}],"collection":[{"href":"https:\/\/archeriegossart.fr\/index.php\/wp-json\/wp\/v3\/product"}],"about":[{"href":"https:\/\/archeriegossart.fr\/index.php\/wp-json\/wp\/v2\/types\/product"}],"wp:featuredmedia":[{"embeddable":true,"href":"https:\/\/archeriegossart.fr\/index.php\/wp-json\/wp\/v2\/media\/661"}],"wp:attachment":[{"href":"https:\/\/archeriegossart.fr\/index.php\/wp-json\/wp\/v2\/media?parent=664"}],"wp:term":[{"taxonomy":"product_cat","embeddable":true,"href":"https:\/\/archeriegossart.fr\/index.php\/wp-json\/wp\/v2\/product_cat?post=664"},{"taxonomy":"product_tag","embeddable":true,"href":"https:\/\/archeriegossart.fr\/index.php\/wp-json\/wp\/v2\/product_tag?post=664"}],"curies":[{"name":"wp","href":"https:\/\/api.w.org\/{rel}","templated":true}]}}