{"id":665,"date":"2017-03-06T14:11:26","date_gmt":"2017-03-06T13:11:26","guid":{"rendered":"http:\/\/archeriegossart.fr\/?post_type=product&#038;p=665"},"modified":"2021-09-30T10:13:24","modified_gmt":"2021-09-30T08:13:24","slug":"arc-rolan-junior-54","status":"publish","type":"product","link":"https:\/\/archeriegossart.fr\/index.php\/produit\/arc-rolan-junior-54\/","title":{"rendered":"Arc Rolan Junior 54\u2019\u2019"},"content":{"rendered":"<p><strong>Arc Rolan Junior 54\u2019\u2019, une ergonomie\u00a0et une g\u00e9om\u00e9trie con\u00e7ues pour les 8\/12 ans qui lui conf\u00e8rent souplesse, nervosit\u00e9 et l\u00e9g\u00e8ret\u00e9.<br \/>\n<\/strong> Fabriqu\u00e9 \u00e0 partir de mat\u00e9riaux composites inject\u00e9s, le Rolan Junior est un arc fiable et pr\u00e9cis qui permet \u00e0 tous les archers en herbe de progresser avec vitesse et s\u00e9r\u00e9nit\u00e9 !<\/p>\n<p>Fabriqu\u00e9 en France<\/p>\n","protected":false},"excerpt":{"rendered":"<p>Arc Rolan Junior 54\u2019\u2019, une ergonomie\u00a0et une g\u00e9om\u00e9trie con\u00e7ues pour les 8\/12 ans qui lui conf\u00e8rent souplesse, nervosit\u00e9 et l\u00e9g\u00e8ret\u00e9. Fabriqu\u00e9 \u00e0 partir de mat\u00e9riaux composites inject\u00e9s, le Rolan Junior est un arc fiable et pr\u00e9cis qui permet \u00e0 tous les archers en herbe de progresser avec vitesse et s\u00e9r\u00e9nit\u00e9 ! Fabriqu\u00e9 en France<\/p>\n","protected":false},"featured_media":668,"template":"","meta":[],"product_cat":[81],"product_tag":[],"_links":{"self":[{"href":"https:\/\/archeriegossart.fr\/index.php\/wp-json\/wp\/v3\/product\/665"}],"collection":[{"href":"https:\/\/archeriegossart.fr\/index.php\/wp-json\/wp\/v3\/product"}],"about":[{"href":"https:\/\/archeriegossart.fr\/index.php\/wp-json\/wp\/v2\/types\/product"}],"wp:featuredmedia":[{"embeddable":true,"href":"https:\/\/archeriegossart.fr\/index.php\/wp-json\/wp\/v2\/media\/668"}],"wp:attachment":[{"href":"https:\/\/archeriegossart.fr\/index.php\/wp-json\/wp\/v2\/media?parent=665"}],"wp:term":[{"taxonomy":"product_cat","embeddable":true,"href":"https:\/\/archeriegossart.fr\/index.php\/wp-json\/wp\/v2\/product_cat?post=665"},{"taxonomy":"product_tag","embeddable":true,"href":"https:\/\/archeriegossart.fr\/index.php\/wp-json\/wp\/v2\/product_tag?post=665"}],"curies":[{"name":"wp","href":"https:\/\/api.w.org\/{rel}","templated":true}]}}