{"id":6661,"date":"2021-05-07T09:14:09","date_gmt":"2021-05-07T07:14:09","guid":{"rendered":"https:\/\/archeriegossart.fr\/?post_type=product&#038;p=6661"},"modified":"2024-12-23T17:06:07","modified_gmt":"2024-12-23T16:06:07","slug":"arc-compound-bowtech-amplify-binary-cam-w-rot-mod-10-70lbs-21-30-breakup-country-en-kit","status":"publish","type":"product","link":"https:\/\/archeriegossart.fr\/index.php\/produit\/arc-compound-bowtech-amplify-binary-cam-w-rot-mod-10-70lbs-21-30-breakup-country-en-kit\/","title":{"rendered":"ARC COMPOUND BOWTECH AMPLIFY BINARY CAM W ROT. MOD 10-70LBS 21-30 \u00a0\u00bb BREAKUP COUNTRY EN KIT"},"content":{"rendered":"<div class=\"column\">\n<div class=\"tab-control components-tab ui-tabs ui-corner-all ui-widget ui-widget-content\">\n<div id=\"description\" class=\"ui-tabs-panel ui-corner-bottom ui-widget-content\" role=\"tabpanel\" aria-labelledby=\"ui-id-2\" aria-hidden=\"false\">\n<div class=\"description fr-view\">Nous augmentons la vitesse, la pr\u00e9cision du dessin fluide et les performances disponibles pour tous ceux qui cherchent \u00e0 tirer le meilleur parti avec l&rsquo;Amplify. Le mod\u00e8le d&rsquo;ajustement extr\u00eame, il dispose d&rsquo;une longueur de tirage et d&rsquo;une plage de poids pour accueillir tout le monde, des jeunes tireurs d\u00e9butants au chevronn\u00e9. Il atteint une vitesse fulgurante de 335 FPS, tout en offrant un tirage soyeux et une pr\u00e9cision de s\u00e9paration des cheveux. Optimisez l&rsquo;exp\u00e9rience totale de tir \u00e0 l&rsquo;arc avec l&rsquo;Amplify. &#8211; De l&rsquo;essieu \u00e0 l&rsquo;essieu: 31,5 \u00ab\u00a0&#8211; Hauteur du renfort: 6\u00a0\u00bb &#8211; Poids de l&rsquo;arc: 4,3 lb &#8211; Longueur de tirage: 21-30 \u00ab\u00a0&#8211; Poids de tirage: 8 \u00e0 70 lb &#8211; Vitesse IBO: 335 ips<\/div>\n<\/div>\n<\/div>\n<\/div>\n","protected":false},"excerpt":{"rendered":"<p>Nous augmentons la vitesse, la pr\u00e9cision du dessin fluide et les performances disponibles pour tous ceux qui cherchent \u00e0 tirer le meilleur parti avec l&rsquo;Amplify. Le mod\u00e8le d&rsquo;ajustement extr\u00eame, il dispose d&rsquo;une longueur de tirage et d&rsquo;une plage de poids pour accueillir tout le monde, des jeunes tireurs d\u00e9butants au chevronn\u00e9. Il atteint une vitesse [&hellip;]<\/p>\n","protected":false},"featured_media":6664,"template":"","meta":[],"product_cat":[40],"product_tag":[],"_links":{"self":[{"href":"https:\/\/archeriegossart.fr\/index.php\/wp-json\/wp\/v3\/product\/6661"}],"collection":[{"href":"https:\/\/archeriegossart.fr\/index.php\/wp-json\/wp\/v3\/product"}],"about":[{"href":"https:\/\/archeriegossart.fr\/index.php\/wp-json\/wp\/v2\/types\/product"}],"wp:featuredmedia":[{"embeddable":true,"href":"https:\/\/archeriegossart.fr\/index.php\/wp-json\/wp\/v2\/media\/6664"}],"wp:attachment":[{"href":"https:\/\/archeriegossart.fr\/index.php\/wp-json\/wp\/v2\/media?parent=6661"}],"wp:term":[{"taxonomy":"product_cat","embeddable":true,"href":"https:\/\/archeriegossart.fr\/index.php\/wp-json\/wp\/v2\/product_cat?post=6661"},{"taxonomy":"product_tag","embeddable":true,"href":"https:\/\/archeriegossart.fr\/index.php\/wp-json\/wp\/v2\/product_tag?post=6661"}],"curies":[{"name":"wp","href":"https:\/\/api.w.org\/{rel}","templated":true}]}}